{"id":10,"date":"2014-03-19T07:08:14","date_gmt":"2014-03-19T06:08:14","guid":{"rendered":"http:\/\/www.farnostml.cz\/?page_id=10"},"modified":"2026-04-14T15:02:15","modified_gmt":"2026-04-14T13:02:15","slug":"domu","status":"publish","type":"page","link":"https:\/\/www.farnostml.cz\/en\/","title":{"rendered":"Title page"},"content":{"rendered":"\n<!--<script>\ndocument.getElementsByClassName(\"banner\")[0].innerHTML = '<div class=\"wrap\"><img decoding=\"async\" src=\"https:\/\/www.farnostml.cz\/wp-content\/uploads\/2022\/04\/72Vigilie_SP-scaled-e1650202200574.jpg\" alt=\"\u00davodn\u00ed obr\u00e1zek - Kropen\u00ed sv\u011bcenou vodou\"><\/div>';\n<\/script>-->\n<style>\np {\n    text-align: justify;\n    :not(.wp-block-latest-posts__post-full-content){\n        margin: 0 0 6px;\n    }\n}\n.copyright, .credit{text-align: center;}\n.entry-header {display: none;}\n.hakt {margin-bottom: 0px;}\n.datum {font-size: small; font-style: oblique; margin-bottom: 5px;}\n<\/style>\n\n\n\n\n\n\n<h2 class=\"wp-block-heading\" id=\"aktuality\">Aktuality<\/h2>\n\n\n<ul class=\"wp-block-latest-posts__list has-dates nomargin wp-block-latest-posts\"><li><a class=\"wp-block-latest-posts__post-title\" href=\"https:\/\/www.farnostml.cz\/en\/vzkriseni-krista-pramen-prave-radosti\/\">Vzk\u0159\u00ed\u0161en\u00ed Krista \u2013 pramen prav\u00e9 radosti<\/a><time datetime=\"2026-04-14T14:53:56+02:00\" class=\"wp-block-latest-posts__post-date\">14.4.2026<\/time><div class=\"wp-block-latest-posts__post-full-content\"><!-- wp:paragraph -->\n<p><em>Brat\u0159i a sestry!<\/em><\/p>\n<!-- \/wp:paragraph -->\n\n<!-- wp:paragraph -->\n<p>Pascha \u2013 slavnost vzk\u0159\u00ed\u0161en\u00ed na\u0161eho P\u00e1na Je\u017e\u00ed\u0161e Krista \u2013 je nejradostn\u011bj\u0161\u00ed ud\u00e1lost cel\u00fdch d\u011bjin lidstva. Proto si tuto ud\u00e1lost, tuto skute\u010dnost osvobozen\u00ed z\u00a0otroctv\u00ed h\u0159\u00edch\u016f nem\u016f\u017eeme nechat jen pro sebe, jako by to bylo na\u0161e vlastnictv\u00ed, ale m\u00e1me o\u00a0n\u00ed sv\u011bd\u010dit cel\u00e9mu sv\u011btu.<\/p>\n<!-- \/wp:paragraph -->\n\n<!-- wp:paragraph -->\n<p>Jak m\u00e1me sv\u011bd\u010dit?<\/p>\n<!-- \/wp:paragraph -->\n\n<!-- wp:paragraph -->\n<p>P\u0159edev\u0161\u00edm slovy a\u00a0skutky. Existuje je\u0161t\u011b jeden prost\u0159edek sv\u011bdectv\u00ed, na kter\u00fd \u010dasto zapom\u00edn\u00e1me, nebo jej dokonce p\u0159ehl\u00ed\u017e\u00edme. A\u00a0t\u00edm prost\u0159edkem je <strong>radost<\/strong>.<\/p>\n<!-- \/wp:paragraph -->\n\n<!-- wp:spacer {\"height\":\"15px\"} -->\n<div style=\"height:15px\" aria-hidden=\"true\" id=\"show-on-root\" class=\"wp-block-spacer\"><\/div>\n<!-- \/wp:spacer -->\n\n<!-- wp:buttons {\"className\":\"show-on-root\",\"style\":{\"typography\":{\"textTransform\":\"uppercase\"}},\"fontSize\":\"small\",\"layout\":{\"type\":\"flex\",\"justifyContent\":\"center\"}} -->\n<div class=\"wp-block-buttons has-custom-font-size show-on-root has-small-font-size\" style=\"text-transform:uppercase\"><!-- wp:button {\"textAlign\":\"center\",\"backgroundColor\":\"pale-cyan-blue\",\"textColor\":\"white\",\"style\":{\"elements\":{\"link\":{\"color\":{\"text\":\"var:preset|color|white\"}}},\"typography\":{\"letterSpacing\":\"1.5px\"}}} -->\n<div class=\"wp-block-button\"><a class=\"wp-block-button__link has-white-color has-pale-cyan-blue-background-color has-text-color has-background has-link-color has-text-align-center wp-element-button\" href=\"https:\/\/www.farnostml.cz\/vzkriseni-krista-pramen-prave-radosti\/\" style=\"letter-spacing:1.5px\">Pokra\u010dovat ve \u010dten\u00ed<\/a><\/div>\n<!-- \/wp:button --><\/div>\n<!-- \/wp:buttons -->\n\n<!-- wp:more -->\n<!--more-->\n<!-- \/wp:more -->\n\n<!-- wp:group {\"className\":\"hide-on-root\",\"layout\":{\"type\":\"constrained\"}} -->\n<div class=\"wp-block-group hide-on-root\"><!-- wp:paragraph -->\n<p>V\u017edy\u0165 samotn\u00e9 slovo evangelium p\u0159ekl\u00e1d\u00e1me jako \u201eradostn\u00e1 zv\u011bst,\u201c tedy zv\u011bst, kter\u00e1 m\u00e1 p\u0159in\u00e1\u0161et lidem radost. A\u00a0d\u016fvodem radosti nen\u00ed nic jin\u00e9ho ne\u017e vzk\u0159\u00ed\u0161en\u00fd Kristus.<\/p>\n<!-- \/wp:paragraph -->\n\n<!-- wp:paragraph -->\n<p>Svat\u00fd apo\u0161tol Pavel n\u00e1s k\u00a0tomu vyz\u00fdv\u00e1 na mnoha m\u00edstech. V\u00a0list\u011b Solu\u0148an\u016fm p\u00ed\u0161e: <strong><em>\u201eSt\u00e1le se radujte;\u201c<\/em> <\/strong>a\u00a0na jin\u00e9m m\u00edst\u011b, v\u00a0list\u011b Filipan\u016fm p\u00ed\u0161e: <strong><em>\u201eRadujte se st\u00e1le v\u00a0P\u00e1nu, opakuji: Radujte se.\u201c<\/em><\/strong><\/p>\n<!-- \/wp:paragraph -->\n\n<!-- wp:paragraph -->\n<p>Abychom m\u011bli radost, nepot\u0159ebujeme z\u00e1bavu ani vesel\u00ed. P\u0159edpokladem a\u00a0nevyhnutelnou podm\u00ednkou st\u00e1l\u00e9 a\u00a0hlubok\u00e9 radosti je \u010dist\u00e9 srdce, kter\u00e9 charakterizuje nejhlub\u0161\u00ed rozm\u011br \u010dlov\u011bka. \u010cist\u00e9 srdce, prost\u00e9 ka\u017ed\u00e9 usazeniny, cholesterolu, m\u016f\u017ee b\u00edt bez z\u00e1bran a\u00a0dod\u00e1vat do v\u0161ech \u00fad\u016f zdravou krev, zabezpe\u010duj\u00edc\u00ed spokojenou, zdravou a\u00a0radostnou \u010dinnost v\u0161ech org\u00e1n\u016f. Bez toho se cel\u00fd \u010dlov\u011bk, tedy lidsk\u00e9 t\u011blo i\u00a0du\u0161e, nedok\u00e1\u017ee radovat.<\/p>\n<!-- \/wp:paragraph -->\n\n<!-- wp:paragraph -->\n<p>A tak se sami sebe zeptejme:<\/p>\n<!-- \/wp:paragraph -->\n\n<!-- wp:paragraph -->\n<p>Dok\u00e1\u017eu se radovat z\u00a0P\u00e1na, z\u00a0toho, \u017ee Je\u017e\u00ed\u0161 vstal z\u00a0mrtv\u00fdch a\u00a0vykoupil n\u00e1s, \u017ee n\u00e1m dal sebe v\u00a0Eucharistii a\u00a0\u017eiv\u00ed n\u00e1s na cest\u011b k\u00a0v\u011b\u010dnosti?<\/p>\n<!-- \/wp:paragraph -->\n\n<!-- wp:paragraph -->\n<p>Jestli\u017ee ne, hledejme p\u0159\u00ed\u010dinu. Neodsuzujme druh\u00e9, ale nechme se v\u00e9st Bo\u017e\u00ed milost\u00ed, stejn\u011b jako Petr, kter\u00fd sice vid\u011bl pr\u00e1zdn\u00fd hrob, ale neuv\u011b\u0159il, nebo\u0165 byl zat\u00ed\u017een vinou zap\u0159en\u00ed. Nebo apo\u0161tol Tom\u00e1\u0161, kter\u00fd a\u010dkoliv sly\u0161el radostnou zv\u011bst o\u00a0vzk\u0159\u00ed\u0161en\u00ed, neuv\u011b\u0159il a\u00a0tou\u017eil, aby se mohl dotknout, nebo\u0165 a\u010dkoliv horlil pro Krista zem\u0159\u00edt, nakonec p\u0159i jeho zat\u010den\u00ed utekl a\u00a0skr\u00fdval se ve strachu.<\/p>\n<!-- \/wp:paragraph -->\n\n<!-- wp:paragraph -->\n<p>Radost je m\u011b\u0159\u00edtkem na\u0161eho autentick\u00e9ho k\u0159es\u0165anstv\u00ed, nebo\u0165 je nepop\u00edrateln\u00fdm znakem Bo\u017e\u00ed p\u0159\u00edtomnosti: <strong><em>\u201eU\u017e ne\u017eiji j\u00e1, ale \u017eije ve mn\u011b Kristus.\u201c<\/em><\/strong><\/p>\n<!-- \/wp:paragraph -->\n\n<!-- wp:paragraph -->\n<p>Vyprosme si v\u00a0t\u011bchto velikono\u010dn\u00edch dnech radost z\u00a0Kristova vzk\u0159\u00ed\u0161en\u00ed, radost z\u00a0odpu\u0161t\u011bn\u00ed, obnovy Bo\u017e\u00edho obrazu v\u00a0ka\u017ed\u00e9m z\u00a0n\u00e1s, a\u00a0tak\u00e9 ze spole\u010denstv\u00ed, kter\u00e9 v\u00a0Kristu m\u016f\u017eeme pro\u017e\u00edvat.<\/p>\n<!-- \/wp:paragraph -->\n\n<!-- wp:paragraph -->\n<p>P\u0159eji v\u0161em po\u017eehnan\u00e9 sv\u00e1tky velikono\u010dn\u00ed.<\/p>\n<!-- \/wp:paragraph -->\n\n<!-- wp:paragraph {\"align\":\"right\"} -->\n<p class=\"has-text-align-right\">P. \u0158eho\u0159<\/p>\n<!-- \/wp:paragraph --><\/div>\n<!-- \/wp:group --><\/div><\/li>\n<\/ul>\n\n\n<div style=\"height:20px\" aria-hidden=\"true\" class=\"wp-block-spacer\"><\/div>\n\n\n\n<div class=\"wp-block-group\"><div class=\"wp-block-group__inner-container is-layout-constrained wp-block-group-is-layout-constrained\">\n<h3 class=\"wp-block-heading\">Otev\u00edrac\u00ed doba farn\u00edho kostela<\/h3>\n\n\n<div id=\"open\" class=\"su-table\">\n    <table>\n        <tbody>\n            <tr>\n                <th style=\"text-align: left !important; width: 150px; padding: 10px !important; padding-left: 20px !important;\"><span>Pond\u011bl\u00ed<\/span>-<span>P\u00e1tek<\/span><\/th><td style=\"text-align: center;\" colspan=\"6\">zav\u0159eno<\/td>\n            <\/tr>\n            <tr class=\"su-even\">\n                <th style=\"text-align: left !important; width: 150px; padding: 10px !important; padding-left: 20px !important;\"><span>Sobota<\/span>-<span>Ned\u011ble<\/span><\/th>\n                <td style=\"text-align: center;\" colspan=\"6\">14:30-16:30<\/td>\n            <\/tr>\n        <\/tbody>\n    <\/table>\n<\/div>\n<p>Ve dnech, kdy se kon\u00e1 ve\u010dern\u00ed m\u0161e svat\u00e1, je mo\u017en\u00e9 kostel nav\u0161t\u00edvit a\u017e do 17:00.<\/p>\n<p>Vstup do kostela nen\u00ed zpoplatn\u011bn.<\/p>\n<p>Kostel je otev\u0159en tak\u00e9 alespo\u0148 45 minut p\u0159ed ka\u017edou m\u0161\u00ed svatou. Jejich p\u0159ehled naleznete na str\u00e1nce <a href=\"\/mista\/farni-kostel\">farn\u00edho kostela<\/a>. Ve st\u0159edy je obvykle otev\u0159eno od 16 hodin (negarantov\u00e1no).<\/p>\n\n<\/div><\/div>\n\n\n\n<object data=\"\/soubory\/Zpravodaj.pdf\" type=\"application\/pdf\" title=\"Farn\u00ed zpravodaj\" width=\"100%\" style=\"height: 75vh;\">\n    <div style=\"text-align: center; margin-bottom: 20px;\">\n        <a href=\"\/soubory\/Zpravodaj.pdf\" class=\"su-button su-button-style-default\" style=\"color:#FFFFFF;background-color:#1d231a;border-color:#181c15;border-radius:5px\" target=\"_self\"><span style=\"color:#FFFFFF;padding:0px 16px;font-size:13px;line-height:26px;border-color:#61655f;border-radius:5px;text-shadow:none\"> P\u0159e\u010dt\u011bte si farn\u00ed zpravodaj<\/span><\/a>\n    <\/div>\n<\/object>\n<p>The parish newsletter is only available in Czech.<\/p>\n\n\n\n<!--<i>Nejsou k dispozici \u017e\u00e1dn\u00e9 aktuality.<\/i> Aktu\u00e1ln\u00ed informace o bohoslu\u017eb\u00e1ch a jin\u00fdch akc\u00edch naleznete vpravo v sekci Ud\u00e1losti.-->\n\n\n\n<div style=\"height:50px\" aria-hidden=\"true\" class=\"wp-block-spacer\"><\/div>\n","protected":false},"excerpt":{"rendered":"<p>Aktuality Otev\u00edrac\u00ed doba farn\u00edho kostela<\/p>","protected":false},"author":1,"featured_media":0,"parent":0,"menu_order":0,"comment_status":"closed","ping_status":"closed","template":"","meta":{"ngg_post_thumbnail":0,"footnotes":""},"class_list":["entry","page","publish","author-honza","post-10"],"jetpack_sharing_enabled":true,"_links":{"self":[{"href":"https:\/\/www.farnostml.cz\/en\/wp-json\/wp\/v2\/pages\/10","targetHints":{"allow":["GET"]}}],"collection":[{"href":"https:\/\/www.farnostml.cz\/en\/wp-json\/wp\/v2\/pages"}],"about":[{"href":"https:\/\/www.farnostml.cz\/en\/wp-json\/wp\/v2\/types\/page"}],"author":[{"embeddable":true,"href":"https:\/\/www.farnostml.cz\/en\/wp-json\/wp\/v2\/users\/1"}],"replies":[{"embeddable":true,"href":"https:\/\/www.farnostml.cz\/en\/wp-json\/wp\/v2\/comments?post=10"}],"version-history":[{"count":478,"href":"https:\/\/www.farnostml.cz\/en\/wp-json\/wp\/v2\/pages\/10\/revisions"}],"predecessor-version":[{"id":14523,"href":"https:\/\/www.farnostml.cz\/en\/wp-json\/wp\/v2\/pages\/10\/revisions\/14523"}],"wp:attachment":[{"href":"https:\/\/www.farnostml.cz\/en\/wp-json\/wp\/v2\/media?parent=10"}],"curies":[{"name":"wp","href":"https:\/\/api.w.org\/{rel}","templated":true}]}}