{"id":112,"date":"2014-03-22T14:31:00","date_gmt":"2014-03-22T13:31:00","guid":{"rendered":"http:\/\/www.farnostml.cz\/?page_id=112"},"modified":"2024-03-14T10:45:57","modified_gmt":"2024-03-14T09:45:57","slug":"zpravodaj","status":"publish","type":"page","link":"https:\/\/www.farnostml.cz\/en\/zpravodaj\/","title":{"rendered":"Parish Newsletter"},"content":{"rendered":"<p><object data=\"\/soubory\/Zpravodaj.pdf\" type=\"application\/pdf\" title=\"Farn\u00ed zpravodaj\" width=\"100%\" style=\"height: 80vh;\"><div style=\"text-align: center;\">\n        <iframe src=https:\/\/1drv.ms\/b\/c\/18294a482652cbff\/IQSefkaOblmHRazaLq-QeXvZAeOPuz8_pVtGj_bNV9wczQ0 width=\"75%\" height=\"800\" frameborder=\"0\" scrolling=\"no\"><\/iframe>\n    <\/div><\/object><br \/>\n\n<p>The parish newsletter is available only in Czech.<\/p>\n\n\n\n\n<div class=\"wp-block-buttons is-content-justification-center is-layout-flex wp-container-core-buttons-is-layout-16018d1d wp-block-buttons-is-layout-flex\">\n<div class=\"wp-block-button has-custom-font-size has-small-font-size\"><a class=\"wp-block-button__link has-white-color has-text-color has-background has-link-color wp-element-button\" href=\"\/soubory\/Zpravodaj.pdf\" style=\"background-color:#000077\">Otev\u0159\u00edt\/St\u00e1hnout<\/a><\/div>\n<\/div>\n\n\n\n<p class=\"has-text-align-right archiv-text\">Zpravodaj si m\u016f\u017eete st\u00e1hnout tak\u00e9 v <a href=\"https:\/\/onedrive.live.com\/redir.aspx?cid=18294a482652cbff&amp;resid=18294A482652CBFF!109&amp;parId=18294A482652CBFF!106&amp;authkey=!AMrcXZ2CmcnEDKs\">archivu<\/a>.<\/p>\n\n\n\n<p class=\"eakt\">M\u00e1te z\u00e1jem o zas\u00edl\u00e1n\u00ed zpravodaje e-mailem? P\u0159ihlaste si <a href=\"\/e-aktuality\/\" class=\"su-button su-button-style-default\" style=\"color:#FFFFFF;background-color:#1d231a;border-color:#181c15;border-radius:5px\" target=\"_self\"><span style=\"color:#FFFFFF;padding:6px 16px;font-size:13px;line-height:20px;border-color:#61655f;border-radius:5px;text-shadow:none\"><i class=\"sui sui-bell\" style=\"font-size:13px;color:#FFFFFF\"><\/i> e-aktuality<\/span><\/a>.<\/p>\n\n\n<div style=\"text-align: center;\">\n[advanced_iframe securitykey=&#8220;0&#8243; src=&#8220;https:\/\/onedrive.live.com\/embed?cid=18294A482652CBFF&amp;resid=18294A482652CBFF%21109&amp;authkey=AMrcXZ2CmcnEDKs&#8220; height=&#8220;128&#8243; width=&#8220;165&#8243; scrolling=&#8220;no&#8220;]\n<\/div>\n\n\n\n<style>\n.eakt{margin-bottom: 1.5em; padding: 1em; border-width: 1px 0; border-style: solid; text-align: center; background-color:#ffffff; border-color:#cccccc; color:#666666}\n.archiv-text {\n    width: 75%;\n    margin: auto;\n}\n<\/style>\n","protected":false},"excerpt":{"rendered":"<p>Zpravodaj si m\u016f\u017eete st\u00e1hnout tak\u00e9 v archivu. M\u00e1te z\u00e1jem o zas\u00edl\u00e1n\u00ed zpravodaje e-mailem? P\u0159ihlaste si .<\/p>","protected":false},"author":1,"featured_media":7814,"parent":0,"menu_order":0,"comment_status":"closed","ping_status":"open","template":"","meta":{"ngg_post_thumbnail":0,"footnotes":""},"class_list":{"0":"entry","1":"page","2":"publish","3":"author-honza","4":"post-112","6":"has-post-thumbnail"},"jetpack_sharing_enabled":true,"_links":{"self":[{"href":"https:\/\/www.farnostml.cz\/en\/wp-json\/wp\/v2\/pages\/112","targetHints":{"allow":["GET"]}}],"collection":[{"href":"https:\/\/www.farnostml.cz\/en\/wp-json\/wp\/v2\/pages"}],"about":[{"href":"https:\/\/www.farnostml.cz\/en\/wp-json\/wp\/v2\/types\/page"}],"author":[{"embeddable":true,"href":"https:\/\/www.farnostml.cz\/en\/wp-json\/wp\/v2\/users\/1"}],"replies":[{"embeddable":true,"href":"https:\/\/www.farnostml.cz\/en\/wp-json\/wp\/v2\/comments?post=112"}],"version-history":[{"count":97,"href":"https:\/\/www.farnostml.cz\/en\/wp-json\/wp\/v2\/pages\/112\/revisions"}],"predecessor-version":[{"id":11991,"href":"https:\/\/www.farnostml.cz\/en\/wp-json\/wp\/v2\/pages\/112\/revisions\/11991"}],"wp:featuredmedia":[{"embeddable":true,"href":"https:\/\/www.farnostml.cz\/en\/wp-json\/wp\/v2\/media\/7814"}],"wp:attachment":[{"href":"https:\/\/www.farnostml.cz\/en\/wp-json\/wp\/v2\/media?parent=112"}],"curies":[{"name":"wp","href":"https:\/\/api.w.org\/{rel}","templated":true}]}}