{"id":13432,"date":"2025-09-25T19:43:09","date_gmt":"2025-09-25T17:43:09","guid":{"rendered":"https:\/\/www.farnostml.cz\/fotogalerie\/vyroci-posviceni-farniho-kostela-2025\/"},"modified":"2025-09-25T19:44:58","modified_gmt":"2025-09-25T17:44:58","slug":"vyroci-posviceni-farniho-kostela-2025","status":"publish","type":"page","link":"https:\/\/www.farnostml.cz\/en\/fotogalerie\/vyroci-posviceni-farniho-kostela-2025\/","title":{"rendered":"V\u00fdro\u010d\u00ed posv\u00edcen\u00ed farn\u00edho kostela 2025"},"content":{"rendered":"ngg_shortcode_0_placeholder","protected":false},"excerpt":{"rendered":"","protected":false},"author":1,"featured_media":0,"parent":209,"menu_order":0,"comment_status":"closed","ping_status":"closed","template":"","meta":{"ngg_post_thumbnail":0,"footnotes":""},"class_list":["entry","page","publish","author-honza","post-13432"],"jetpack_sharing_enabled":true,"_links":{"self":[{"href":"https:\/\/www.farnostml.cz\/en\/wp-json\/wp\/v2\/pages\/13432","targetHints":{"allow":["GET"]}}],"collection":[{"href":"https:\/\/www.farnostml.cz\/en\/wp-json\/wp\/v2\/pages"}],"about":[{"href":"https:\/\/www.farnostml.cz\/en\/wp-json\/wp\/v2\/types\/page"}],"author":[{"embeddable":true,"href":"https:\/\/www.farnostml.cz\/en\/wp-json\/wp\/v2\/users\/1"}],"replies":[{"embeddable":true,"href":"https:\/\/www.farnostml.cz\/en\/wp-json\/wp\/v2\/comments?post=13432"}],"version-history":[{"count":1,"href":"https:\/\/www.farnostml.cz\/en\/wp-json\/wp\/v2\/pages\/13432\/revisions"}],"predecessor-version":[{"id":13433,"href":"https:\/\/www.farnostml.cz\/en\/wp-json\/wp\/v2\/pages\/13432\/revisions\/13433"}],"up":[{"embeddable":true,"href":"https:\/\/www.farnostml.cz\/en\/wp-json\/wp\/v2\/pages\/209"}],"wp:attachment":[{"href":"https:\/\/www.farnostml.cz\/en\/wp-json\/wp\/v2\/media?parent=13432"}],"curies":[{"name":"wp","href":"https:\/\/api.w.org\/{rel}","templated":true}]}}