{"id":175,"date":"2014-03-22T18:31:38","date_gmt":"2014-03-22T17:31:38","guid":{"rendered":"http:\/\/www.farnostml.cz\/?page_id=175"},"modified":"2023-12-17T21:34:32","modified_gmt":"2023-12-17T20:34:32","slug":"nabozenstvi","status":"publish","type":"page","link":"https:\/\/www.farnostml.cz\/en\/nabozenstvi\/","title":{"rendered":"Religious Instruction"},"content":{"rendered":"<h3>Mari\u00e1nsk\u00e9 L\u00e1zn\u011b \u2013 Parish office <a title=\"Parish Office\" href=\"http:\/\/www.farnostml.cz\/en\/fara\/\"><sup><b>?<\/b><\/sup><\/a><\/h3>\n\n\n\n<table>\n<tbody>\n<tr>\n<th style=\"text-align: left !important; width: 150px; padding: 10px !important;\">Thursday<\/th>\n<td style=\"text-align: left;\"><b>14:45-15:30<\/b><\/td>\n<td>younger (ca. 1st-4th grade)<\/td>\n<\/tr>\n<tr>\n<th style=\"text-align: left !important; width: 150px; padding: 10px !important;\">Friday<\/th>\n<td style=\"text-align: left;\"><b>14:00-14:45<\/b><\/td>\n<td>older (ca. 5th-9th grade)<\/td>\n<\/tr>\n<\/tbody>\n<\/table>\n<!--Ve dnech v\u00fduky je fara otev\u0159ena od 13:30 do 16:00.-->\n\n\n\n<!--<h3>L\u00e1zn\u011b Kyn\u017evart - z\u00e1kladn\u00ed \u0161kola <a title=\"Z\u0160 a M\u0160 L\u00e1zn\u011b Kyn\u017evart\" href=\"http:\/\/www.zslk.cz\/index.php?option=com_content&amp;view=article&amp;id=48&amp;Itemid=55\"><sup><b>?<\/b><\/sup><\/a><\/h3>\n<table>\n<tbody>\n<tr>\n<th style=\"text-align: left !important; width: 150px; padding: 10px !important;\">St\u0159eda<\/th>\n<td style=\"text-align: left;\"><b>13:00-13:45<\/b><\/td>\n<\/tr>\n<\/tbody>\n<\/table>-->","protected":false},"excerpt":{"rendered":"<p>Mari\u00e1nsk\u00e9 L\u00e1zn\u011b \u2013 Farn\u00ed \u00fa\u0159ad ? \u010ctvrtek 14:45-15:30 mlad\u0161\u00ed (cca 1.-4. t\u0159\u00edda) P\u00e1tek 14:00-14:45 star\u0161\u00ed (cca 5.-9. t\u0159\u00edda)<\/p>","protected":false},"author":1,"featured_media":0,"parent":0,"menu_order":0,"comment_status":"open","ping_status":"closed","template":"","meta":{"ngg_post_thumbnail":0,"footnotes":""},"class_list":["entry","page","publish","author-honza","post-175"],"jetpack_sharing_enabled":true,"_links":{"self":[{"href":"https:\/\/www.farnostml.cz\/en\/wp-json\/wp\/v2\/pages\/175","targetHints":{"allow":["GET"]}}],"collection":[{"href":"https:\/\/www.farnostml.cz\/en\/wp-json\/wp\/v2\/pages"}],"about":[{"href":"https:\/\/www.farnostml.cz\/en\/wp-json\/wp\/v2\/types\/page"}],"author":[{"embeddable":true,"href":"https:\/\/www.farnostml.cz\/en\/wp-json\/wp\/v2\/users\/1"}],"replies":[{"embeddable":true,"href":"https:\/\/www.farnostml.cz\/en\/wp-json\/wp\/v2\/comments?post=175"}],"version-history":[{"count":77,"href":"https:\/\/www.farnostml.cz\/en\/wp-json\/wp\/v2\/pages\/175\/revisions"}],"predecessor-version":[{"id":10997,"href":"https:\/\/www.farnostml.cz\/en\/wp-json\/wp\/v2\/pages\/175\/revisions\/10997"}],"wp:attachment":[{"href":"https:\/\/www.farnostml.cz\/en\/wp-json\/wp\/v2\/media?parent=175"}],"curies":[{"name":"wp","href":"https:\/\/api.w.org\/{rel}","templated":true}]}}