{"id":1931,"date":"2015-08-11T19:38:56","date_gmt":"2015-08-11T18:38:56","guid":{"rendered":"http:\/\/www.farnostml.cz\/?page_id=1931"},"modified":"2018-06-03T17:38:33","modified_gmt":"2018-06-03T16:08:33","slug":"e-aktuality","status":"publish","type":"page","link":"https:\/\/www.farnostml.cz\/en\/e-aktuality\/","title":{"rendered":"e-aktuality"},"content":{"rendered":"<p>Nab\u00edz\u00edme mo\u017enost p\u0159ihl\u00e1sit se k odb\u011bru e-mailov\u00fdch aktualit. D\u00edky tomu m\u016f\u017eete dost\u00e1vat do sv\u00e9 e-mailov\u00e9 schr\u00e1nky ka\u017ed\u00fd m\u011bs\u00edc \u010derstv\u00fd zpravodaj, ka\u017ed\u00fd t\u00fdden ohl\u00e1\u0161ky, kter\u00e9 zazn\u00edvaj\u00ed v kostele, \u010di s dostate\u010dn\u00fdm p\u0159edstihem jin\u00e9 informace o zm\u011bn\u00e1ch a mimo\u0159\u00e1dnostech z na\u0161\u00ed farnosti. Sta\u010d\u00ed si vybrat ve formul\u00e1\u0159i n\u00ed\u017ee.<br \/>\n<div class=\"wrap pdb-signup pdb-instance-2\" >\n\n    <form method=\"post\" enctype=\"multipart\/form-data\"  autocomplete=\"off\" action=\"\/en\/wp-json\/wp\/v2\/pages\/1931\" data-trp-original-action=\"\/en\/wp-json\/wp\/v2\/pages\/1931\" ><input name=\"action\" type=\"hidden\" value=\"signup\" \/>\n\n<input name=\"subsource\" type=\"hidden\" value=\"participants-database\" \/>\n\n<input name=\"shortcode_page\" type=\"hidden\" value=\"\/en\/wp-json\/wp\/v2\/pages\/1931\" \/>\n\n<input name=\"thanks_page\" type=\"hidden\" value=\"\/en\/wp-json\/wp\/v2\/pages\/1931\" \/>\n\n<input name=\"instance_index\" type=\"hidden\" value=\"2\" \/>\n\n<input name=\"pdb_data_keys\" type=\"hidden\" value=\"23.25.26.21\" \/>\n\n<input name=\"session_hash\" type=\"hidden\" value=\"d98a7c056c\" \/>\n\n    <table class=\"form-table pdb-signup\">\n\n      \n      <tbody class=\"field-group field-group-main\">\n        \n                <tr class=\"signup-group\">\n          <td colspan=\"2\">\n            \n            <h3 class=\"pdb-group-title\">Essentials<\/h3>            \n          <\/td>\n        <\/tr>\n        \n        \n        <tr class=\"text-line email-input-group\">\n\n          <th for=\"pdb-email-2\">E-mail address<\/th>\n\n          <td>\n\n            <input name=\"email\" id=\"pdb-email-2\" class=\"required-field regular-text\" type=\"text\" value=\"\" \/>\n\n                        \n          <\/td>\n\n        <\/tr>\n  \n        \n        <tr class=\"multi-checkbox odb\u011bry-input-group\">\n\n          <th for=\"pdb-odb\u011bry-2\">Subscribed content<\/th>\n\n          <td>\n\n            <div class=\"multicheckbox\">\n<input name=\"odb\u011bry[]\" id=\"pdb-odb\u011bry-2-default\" type=\"hidden\" value=\"\" \/>\n<div class=\"checkbox-group\">\n<fieldset class=\"no-border\">\n<legend class=\"screen-reader-text\">Subscribed content<\/legend>\n<label for=\"pdb-odbry-farn-zpravodaj-2\">\n<input name=\"odb\u011bry[]\" id=\"pdb-odbry-farn-zpravodaj-2\" type=\"checkbox\" value=\"Farn\u00ed zpravodaj\" \/>\nParish Newsletter<\/label>\n<label for=\"pdb-odbry-tdenn-ohlky-2\">\n<input name=\"odb\u011bry[]\" id=\"pdb-odbry-tdenn-ohlky-2\" type=\"checkbox\" value=\"T\u00fddenn\u00ed ohl\u00e1\u0161ky\" \/>\nWeekly notices<\/label>\n<label for=\"pdb-odbry-zmny-a-mimodnosti-nepravideln-2\">\n<input name=\"odb\u011bry[]\" id=\"pdb-odbry-zmny-a-mimodnosti-nepravideln-2\" type=\"checkbox\" value=\"Zm\u011bny a mimo\u0159\u00e1dnosti (nepravideln\u011b)\" \/>\nChanges and extraordinariness (irregularly)<\/label>\n<label for=\"pdb-odbry-aktuality-o-vuce-nboenstv-2\">\n<input name=\"odb\u011bry[]\" id=\"pdb-odbry-aktuality-o-vuce-nboenstv-2\" type=\"checkbox\" value=\"Aktuality o v\u00fduce n\u00e1bo\u017eenstv\u00ed\" \/>\nUpdates on religious instruction<\/label>\n<label for=\"pdb-odbry-informace-pro-turisty-2\">\n<input name=\"odb\u011bry[]\" id=\"pdb-odbry-informace-pro-turisty-2\" type=\"checkbox\" value=\"Informace pro turisty\" \/>\nTourist information<\/label>\n<\/fieldset><!-- .no-border --><\/div><!-- .checkbox-group -->\n<\/div>\n\n                        <span class=\"helptext\">What kinds of emails do you want to receive?<\/span>\n                        \n          <\/td>\n\n        <\/tr>\n  \n                \n        <\/tbody>\n\n      \n      <tbody class=\"field-group field-group-nepovinn\u00e9_\u00fadaje\">\n        \n                <tr class=\"signup-group\">\n          <td colspan=\"2\">\n            \n            <h3 class=\"pdb-group-title\">Optional<\/h3>            \n          <\/td>\n        <\/tr>\n        \n        \n        <tr class=\"text-line jm\u00e9no-input-group\">\n\n          <th for=\"pdb-jm\u00e9no-2\">Name<\/th>\n\n          <td>\n\n            <input name=\"jm\u00e9no\" id=\"pdb-jm\u00e9no-2\" class=\"regular-text\" type=\"text\" value=\"\" \/>\n\n                        \n          <\/td>\n\n        <\/tr>\n  \n        \n        <tr class=\"dropdown kostel-input-group\">\n\n          <th for=\"pdb-kostel-2\">Church<\/th>\n\n          <td>\n\n            <select name=\"kostel\" id=\"pdb-kostel-2\">\n<option value=\"\" selected=\"selected\">&nbsp;<\/option>\n<option value=\"Mari\u00e1nsk\u00e9 L\u00e1zn\u011b\">Mari\u00e1nsk\u00e9 L\u00e1zn\u011b<\/option>\n<option value=\"\u00da\u0161ovice\">\u00da\u0161ovice<\/option>\n<option value=\"Velk\u00e1 Hle\u010fsebe\">Velk\u00e1 Hle\u010fsebe<\/option>\n<option value=\"L\u00e1zn\u011b Kyn\u017evart\">L\u00e1zn\u011b Kyn\u017evart<\/option>\n<option value=\"Trst\u011bnice\">Trst\u011bnice<\/option>\n<option value=\"Drmoul\">Drmoul<\/option>\n<option value=\"T\u0159i Sekery\">T\u0159i Sekery<\/option>\n<option value=\"Tepl\u00e1\">Tepl\u00e1<\/option>\n<option value=\"jin\u00fd v plze\u0148sk\u00e9 diec\u00e9zi\">other in pilsner diocese<\/option>\n<option value=\"jin\u00fd v jin\u00e9 diec\u00e9zi\">other in a different diocese<\/option>\n<option value=\"\u017e\u00e1dn\u00fd nenav\u0161t\u011bvuji\">I don\u2019t visit any<\/option>\n<\/select>\n\n                        <span class=\"helptext\">Kostel, kter\u00fd pravideln\u011b nav\u0161t\u011bvuji<br \/>(pouze pro \u00fa\u010dely kontaktov\u00e1n\u00ed a statistiky)<\/span>\n                        \n          <\/td>\n\n        <\/tr>\n  \n                \n        <\/tbody>\n\n            \n        <tbody class=\"field-group field-group-submit\">\n      \n        <tr>\n          <td class=\"submit-buttons\">\n            \n           <input name=\"submit_button\" class=\"button-primary pdb-submit\" type=\"submit\" value=\"Subscribe\" \/>\n            \n          <\/td>\n          <td class=\"submit-buttons\">\n            \n           <span class=\"pdb-retrieve-link\"><a href=\"https:\/\/www.farnostml.cz\/en\/e-aktuality\/zmena\/?m=r\">Edit existing subscription<\/a><\/span>           \n          <\/td>\n        <\/tr>\n        \n      <\/tbody>\n      \n    <\/table>\n    \n  <input type=\"hidden\" name=\"trp-form-language\" value=\"en\"\/><\/form>  \n<\/div>\nP\u0159ihl\u00e1\u0161en\u00edm souhlas\u00edte se zpracov\u00e1n\u00edm v\u00e1mi poskytnut\u00fdch osobn\u00edch \u00fadaj\u016f za \u00fa\u010delem zas\u00edl\u00e1n\u00ed informa\u010dn\u00edch zpr\u00e1v (e-aktualit) e-mailem a kontaktov\u00e1n\u00ed ve v\u011bcech souvisej\u00edc\u00edch s touto slu\u017ebou.<\/p>","protected":false},"excerpt":{"rendered":"<p>Nab\u00edz\u00edme mo\u017enost p\u0159ihl\u00e1sit se k odb\u011bru e-mailov\u00fdch aktualit. D\u00edky tomu m\u016f\u017eete dost\u00e1vat do sv\u00e9 e-mailov\u00e9 schr\u00e1nky ka\u017ed\u00fd m\u011bs\u00edc \u010derstv\u00fd zpravodaj, ka\u017ed\u00fd t\u00fdden ohl\u00e1\u0161ky, kter\u00e9 zazn\u00edvaj\u00ed v kostele, \u010di s dostate\u010dn\u00fdm p\u0159edstihem jin\u00e9 informace o zm\u011bn\u00e1ch a mimo\u0159\u00e1dnostech z na\u0161\u00ed farnosti. Sta\u010d\u00ed si vybrat ve formul\u00e1\u0159i n\u00ed\u017ee. P\u0159ihl\u00e1\u0161en\u00edm souhlas\u00edte se zpracov\u00e1n\u00edm v\u00e1mi poskytnut\u00fdch osobn\u00edch \u00fadaj\u016f za &#8230; <span class=\"more\"><a class=\"more-link\" href=\"https:\/\/www.farnostml.cz\/en\/e-aktuality\/\">[\u010c\u00edst d\u00e1l&#8230;]<\/a><\/span><\/p>\n","protected":false},"author":1,"featured_media":0,"parent":0,"menu_order":0,"comment_status":"open","ping_status":"closed","template":"","meta":{"ngg_post_thumbnail":0,"footnotes":""},"class_list":["entry","page","publish","author-honza","post-1931"],"jetpack_sharing_enabled":true,"_links":{"self":[{"href":"https:\/\/www.farnostml.cz\/en\/wp-json\/wp\/v2\/pages\/1931","targetHints":{"allow":["GET"]}}],"collection":[{"href":"https:\/\/www.farnostml.cz\/en\/wp-json\/wp\/v2\/pages"}],"about":[{"href":"https:\/\/www.farnostml.cz\/en\/wp-json\/wp\/v2\/types\/page"}],"author":[{"embeddable":true,"href":"https:\/\/www.farnostml.cz\/en\/wp-json\/wp\/v2\/users\/1"}],"replies":[{"embeddable":true,"href":"https:\/\/www.farnostml.cz\/en\/wp-json\/wp\/v2\/comments?post=1931"}],"version-history":[{"count":20,"href":"https:\/\/www.farnostml.cz\/en\/wp-json\/wp\/v2\/pages\/1931\/revisions"}],"predecessor-version":[{"id":2719,"href":"https:\/\/www.farnostml.cz\/en\/wp-json\/wp\/v2\/pages\/1931\/revisions\/2719"}],"wp:attachment":[{"href":"https:\/\/www.farnostml.cz\/en\/wp-json\/wp\/v2\/media?parent=1931"}],"curies":[{"name":"wp","href":"https:\/\/api.w.org\/{rel}","templated":true}]}}