{"id":1996,"date":"2015-10-03T14:34:41","date_gmt":"2015-10-03T13:04:41","guid":{"rendered":"http:\/\/www.farnostml.cz\/fotogalerie\/setkani-rodicu-a-deti-z-nabozenstvi\/"},"modified":"2015-10-03T14:37:35","modified_gmt":"2015-10-03T13:07:35","slug":"setkani-rodicu-a-deti-z-nabozenstvi","status":"publish","type":"page","link":"https:\/\/www.farnostml.cz\/en\/fotogalerie\/setkani-rodicu-a-deti-z-nabozenstvi\/","title":{"rendered":"Setk\u00e1n\u00ed rodi\u010d\u016f a d\u011bt\u00ed z n\u00e1bo\u017eenstv\u00ed"},"content":{"rendered":"ngg_shortcode_0_placeholder","protected":false},"excerpt":{"rendered":"","protected":false},"author":1,"featured_media":0,"parent":209,"menu_order":0,"comment_status":"closed","ping_status":"closed","template":"","meta":{"ngg_post_thumbnail":0,"footnotes":""},"class_list":["entry","page","publish","author-honza","post-1996"],"jetpack_sharing_enabled":true,"_links":{"self":[{"href":"https:\/\/www.farnostml.cz\/en\/wp-json\/wp\/v2\/pages\/1996","targetHints":{"allow":["GET"]}}],"collection":[{"href":"https:\/\/www.farnostml.cz\/en\/wp-json\/wp\/v2\/pages"}],"about":[{"href":"https:\/\/www.farnostml.cz\/en\/wp-json\/wp\/v2\/types\/page"}],"author":[{"embeddable":true,"href":"https:\/\/www.farnostml.cz\/en\/wp-json\/wp\/v2\/users\/1"}],"replies":[{"embeddable":true,"href":"https:\/\/www.farnostml.cz\/en\/wp-json\/wp\/v2\/comments?post=1996"}],"version-history":[{"count":1,"href":"https:\/\/www.farnostml.cz\/en\/wp-json\/wp\/v2\/pages\/1996\/revisions"}],"predecessor-version":[{"id":1999,"href":"https:\/\/www.farnostml.cz\/en\/wp-json\/wp\/v2\/pages\/1996\/revisions\/1999"}],"up":[{"embeddable":true,"href":"https:\/\/www.farnostml.cz\/en\/wp-json\/wp\/v2\/pages\/209"}],"wp:attachment":[{"href":"https:\/\/www.farnostml.cz\/en\/wp-json\/wp\/v2\/media?parent=1996"}],"curies":[{"name":"wp","href":"https:\/\/api.w.org\/{rel}","templated":true}]}}