{"id":2002,"date":"2015-10-25T12:38:55","date_gmt":"2015-10-25T11:08:55","guid":{"rendered":"http:\/\/www.farnostml.cz\/?page_id=2002"},"modified":"2024-03-14T10:47:52","modified_gmt":"2024-03-14T09:47:52","slug":"ohlasky","status":"publish","type":"page","link":"https:\/\/www.farnostml.cz\/en\/ohlasky\/","title":{"rendered":"Notices"},"content":{"rendered":"<!--<meta http-equiv=\"refresh\" content=\"0;url=https:\/\/farnostml.sharepoint.com\/:f:\/s\/zpravodaj\/EqhgGWF0YjhJq161bkaW1kMBxjx_F46tA3UByjDrY3tLgA?e=5zWVQF\">-->\n\n\n\n<div class=\"wp-block-columns is-not-stacked-on-mobile ticss-a72c4fb6 is-layout-flex wp-container-core-columns-is-layout-9d6595d7 wp-block-columns-is-layout-flex\">\n<div class=\"wp-block-column is-layout-flow wp-block-column-is-layout-flow\" style=\"flex-basis:80%\">\n<p><strong>Latest edition of weekly notices<\/strong><\/p>\n<\/div>\n\n\n\n<div class=\"wp-block-column ticss-4b9ee05a is-layout-flow wp-block-column-is-layout-flow\" style=\"flex-basis:50%\"><a href=\"https:\/\/farnostml.sharepoint.com\/:f:\/s\/zpravodaj\/EqhgGWF0YjhJq161bkaW1kMBxjx_F46tA3UByjDrY3tLgA?e=5zWVQF\" class=\"su-button su-button-style-default\" style=\"color:#FFFFFF;background-color:#1d231a;border-color:#181c15;border-radius:5px\" target=\"_self\"><span style=\"color:#FFFFFF;padding:0px 16px;font-size:13px;line-height:26px;border-color:#61655f;border-radius:5px;text-shadow:none\"> Notices Archive<\/span><\/a>\n<\/div>\n<\/div>\n\n\n\n<object data=\"\/soubory\/Ohl\u00e1\u0161ky.pdf\" type=\"application\/pdf\" title=\"Parish notices\" width=\"100%\" style=\"height: 1000px\">\n    <div style=\"text-align: center; margin: 20px 0;\">\n        Cannot be displayed directly in this browser. See the Notices Archive.\n    <\/div>\n<\/object>\n<p>Parish notices are only available in Czech.<\/p>\n\n\n\n<div class=\"wp-block-buttons is-content-justification-center is-layout-flex wp-container-core-buttons-is-layout-16018d1d wp-block-buttons-is-layout-flex\">\n<div class=\"wp-block-button has-custom-font-size has-small-font-size\"><a class=\"wp-block-button__link has-white-color has-text-color has-background has-link-color wp-element-button\" href=\"\/soubory\/Ohl\u00e1\u0161ky.pdf\" style=\"background-color:#000077\">Open\/Download<\/a><\/div>\n<\/div>","protected":false},"excerpt":{"rendered":"<p>Nejnov\u011bj\u0161\u00ed vyd\u00e1n\u00ed ohl\u00e1\u0161ek Nelze zobrazit p\u0159\u00edmo v tomto prohl\u00ed\u017ee\u010di. Pod\u00edvejte se na ohl\u00e1\u0161ky do archivu.<\/p>","protected":false},"author":1,"featured_media":0,"parent":0,"menu_order":0,"comment_status":"closed","ping_status":"closed","template":"","meta":{"ngg_post_thumbnail":0,"footnotes":""},"class_list":["entry","page","publish","author-honza","post-2002"],"jetpack_sharing_enabled":true,"_links":{"self":[{"href":"https:\/\/www.farnostml.cz\/en\/wp-json\/wp\/v2\/pages\/2002","targetHints":{"allow":["GET"]}}],"collection":[{"href":"https:\/\/www.farnostml.cz\/en\/wp-json\/wp\/v2\/pages"}],"about":[{"href":"https:\/\/www.farnostml.cz\/en\/wp-json\/wp\/v2\/types\/page"}],"author":[{"embeddable":true,"href":"https:\/\/www.farnostml.cz\/en\/wp-json\/wp\/v2\/users\/1"}],"replies":[{"embeddable":true,"href":"https:\/\/www.farnostml.cz\/en\/wp-json\/wp\/v2\/comments?post=2002"}],"version-history":[{"count":10,"href":"https:\/\/www.farnostml.cz\/en\/wp-json\/wp\/v2\/pages\/2002\/revisions"}],"predecessor-version":[{"id":11993,"href":"https:\/\/www.farnostml.cz\/en\/wp-json\/wp\/v2\/pages\/2002\/revisions\/11993"}],"wp:attachment":[{"href":"https:\/\/www.farnostml.cz\/en\/wp-json\/wp\/v2\/media?parent=2002"}],"curies":[{"name":"wp","href":"https:\/\/api.w.org\/{rel}","templated":true}]}}