{"id":2256,"date":"2016-02-13T19:12:28","date_gmt":"2016-02-13T17:42:28","guid":{"rendered":"http:\/\/www.farnostml.cz\/fotogalerie\/svatojanske-zehnani-vina-ve-vysoke-2015\/"},"modified":"2016-02-13T19:18:26","modified_gmt":"2016-02-13T17:48:26","slug":"svatojanske-zehnani-vina-ve-vysoke-2015","status":"publish","type":"page","link":"https:\/\/www.farnostml.cz\/en\/fotogalerie\/svatojanske-zehnani-vina-ve-vysoke-2015\/","title":{"rendered":"Svatoj\u00e1nsk\u00e9 \u017eehn\u00e1n\u00ed v\u00edna ve Vysok\u00e9 2015"},"content":{"rendered":"ngg_shortcode_0_placeholder","protected":false},"excerpt":{"rendered":"","protected":false},"author":1,"featured_media":0,"parent":209,"menu_order":0,"comment_status":"closed","ping_status":"closed","template":"","meta":{"ngg_post_thumbnail":0,"footnotes":""},"class_list":["entry","page","publish","author-honza","post-2256"],"jetpack_sharing_enabled":true,"_links":{"self":[{"href":"https:\/\/www.farnostml.cz\/en\/wp-json\/wp\/v2\/pages\/2256","targetHints":{"allow":["GET"]}}],"collection":[{"href":"https:\/\/www.farnostml.cz\/en\/wp-json\/wp\/v2\/pages"}],"about":[{"href":"https:\/\/www.farnostml.cz\/en\/wp-json\/wp\/v2\/types\/page"}],"author":[{"embeddable":true,"href":"https:\/\/www.farnostml.cz\/en\/wp-json\/wp\/v2\/users\/1"}],"replies":[{"embeddable":true,"href":"https:\/\/www.farnostml.cz\/en\/wp-json\/wp\/v2\/comments?post=2256"}],"version-history":[{"count":1,"href":"https:\/\/www.farnostml.cz\/en\/wp-json\/wp\/v2\/pages\/2256\/revisions"}],"predecessor-version":[{"id":2257,"href":"https:\/\/www.farnostml.cz\/en\/wp-json\/wp\/v2\/pages\/2256\/revisions\/2257"}],"up":[{"embeddable":true,"href":"https:\/\/www.farnostml.cz\/en\/wp-json\/wp\/v2\/pages\/209"}],"wp:attachment":[{"href":"https:\/\/www.farnostml.cz\/en\/wp-json\/wp\/v2\/media?parent=2256"}],"curies":[{"name":"wp","href":"https:\/\/api.w.org\/{rel}","templated":true}]}}