{"id":274,"date":"2014-03-23T15:20:08","date_gmt":"2014-03-23T14:20:08","guid":{"rendered":"http:\/\/www.farnostml.cz\/?page_id=274"},"modified":"2019-03-31T19:32:51","modified_gmt":"2019-03-31T18:02:51","slug":"trstenice","status":"publish","type":"page","link":"https:\/\/www.farnostml.cz\/en\/bohosluzby\/trstenice\/","title":{"rendered":"Saint Vitus\u2019 Church"},"content":{"rendered":"<div class=\"su-gmap su-u-responsive-media-yes\"><iframe loading=\"lazy\" width=\"600\" height=\"400\" src=\"\/\/maps.google.com\/maps?q=Kostel%20svat%C3%A9ho%20V%C3%ADta%2C%20Trst%C4%9Bnice&amp;output=embed\" title=\"\"><\/iframe><\/div>\n<h2>M\u0161e svat\u00e9<\/h2>\n<style>\n#ram{margin-bottom: 1.5em; padding: 1em; border-width: 1px 0; border-style: solid; text-align: center; background-color:#ffffff; border-color:#cccccc; color:#666666}<br \/>\n<\/style>\n<p><!--\n\n\n<div id=\"ram\">\n<b>Od ned\u011ble 2. 4. 2017 za\u010d\u00ednaj\u00ed sobotn\u00ed odpoledn\u00ed m\u0161e svat\u00e9 v Trst\u011bnic\u00edch a Drmoulu v 16:00.<\/b><\/div>\n\n\n--><br \/>\n<div class=\"su-table su-table-alternate\">\n<table>\n<tbody>\n<tr>\n<th style=\"text-align: left !important;width: 150px;padding: 10px !important;padding-left: 20px !important\">Saturday<\/th>\n<td style=\"text-align: center\">15:30 <em>(sud\u00fd t\u00fdden)<\/em><\/td>\n<\/tr>\n<\/tbody>\n<\/table>\n<\/div>\n<p>Tento t\u00fdden je sud\u00fd.<\/p>","protected":false},"excerpt":{"rendered":"<p>M\u0161e svat\u00e9 Tento t\u00fdden je .<\/p>","protected":false},"author":1,"featured_media":0,"parent":57,"menu_order":5,"comment_status":"closed","ping_status":"open","template":"","meta":{"ngg_post_thumbnail":0,"footnotes":""},"class_list":["entry","page","publish","author-honza","post-274"],"jetpack_sharing_enabled":true,"_links":{"self":[{"href":"https:\/\/www.farnostml.cz\/en\/wp-json\/wp\/v2\/pages\/274","targetHints":{"allow":["GET"]}}],"collection":[{"href":"https:\/\/www.farnostml.cz\/en\/wp-json\/wp\/v2\/pages"}],"about":[{"href":"https:\/\/www.farnostml.cz\/en\/wp-json\/wp\/v2\/types\/page"}],"author":[{"embeddable":true,"href":"https:\/\/www.farnostml.cz\/en\/wp-json\/wp\/v2\/users\/1"}],"replies":[{"embeddable":true,"href":"https:\/\/www.farnostml.cz\/en\/wp-json\/wp\/v2\/comments?post=274"}],"version-history":[{"count":17,"href":"https:\/\/www.farnostml.cz\/en\/wp-json\/wp\/v2\/pages\/274\/revisions"}],"predecessor-version":[{"id":2965,"href":"https:\/\/www.farnostml.cz\/en\/wp-json\/wp\/v2\/pages\/274\/revisions\/2965"}],"up":[{"embeddable":true,"href":"https:\/\/www.farnostml.cz\/en\/wp-json\/wp\/v2\/pages\/57"}],"wp:attachment":[{"href":"https:\/\/www.farnostml.cz\/en\/wp-json\/wp\/v2\/media?parent=274"}],"curies":[{"name":"wp","href":"https:\/\/api.w.org\/{rel}","templated":true}]}}