{"id":278,"date":"2014-03-23T15:24:32","date_gmt":"2014-03-23T13:54:32","guid":{"rendered":"http:\/\/www.farnostml.cz\/?page_id=278"},"modified":"2018-02-24T13:28:56","modified_gmt":"2018-02-24T11:58:56","slug":"tri-sekery","status":"publish","type":"page","link":"https:\/\/www.farnostml.cz\/en\/bohosluzby\/tri-sekery\/","title":{"rendered":"Fourteen Holy Helpers\u2019 Church"},"content":{"rendered":"<div class=\"su-gmap su-u-responsive-media-yes\"><iframe loading=\"lazy\" width=\"600\" height=\"400\" src=\"\/\/maps.google.com\/maps?q=Kostel%20%C4%8Ctrn%C3%A1cti%20svat%C3%BDch%20pomocn%C3%ADk%C5%AF%2C%20T%C5%99i%20Sekery&amp;output=embed\" title=\"\"><\/iframe><\/div>\nBohoslu\u017eby zaji\u0161\u0165uj\u00ed brat\u0159i z <a href=\"http:\/\/www.klastertepla.cz\/kontakty\/kontakty-klaster.html\">Kanonie premonstr\u00e1t\u016f Tepl\u00e1<\/a>.<\/p>","protected":false},"excerpt":{"rendered":"<p>Bohoslu\u017eby zaji\u0161\u0165uj\u00ed brat\u0159i z Kanonie premonstr\u00e1t\u016f Tepl\u00e1.<\/p>","protected":false},"author":1,"featured_media":0,"parent":57,"menu_order":7,"comment_status":"closed","ping_status":"closed","template":"","meta":{"ngg_post_thumbnail":0,"footnotes":""},"class_list":["entry","page","publish","author-honza","post-278"],"jetpack_sharing_enabled":true,"_links":{"self":[{"href":"https:\/\/www.farnostml.cz\/en\/wp-json\/wp\/v2\/pages\/278","targetHints":{"allow":["GET"]}}],"collection":[{"href":"https:\/\/www.farnostml.cz\/en\/wp-json\/wp\/v2\/pages"}],"about":[{"href":"https:\/\/www.farnostml.cz\/en\/wp-json\/wp\/v2\/types\/page"}],"author":[{"embeddable":true,"href":"https:\/\/www.farnostml.cz\/en\/wp-json\/wp\/v2\/users\/1"}],"replies":[{"embeddable":true,"href":"https:\/\/www.farnostml.cz\/en\/wp-json\/wp\/v2\/comments?post=278"}],"version-history":[{"count":7,"href":"https:\/\/www.farnostml.cz\/en\/wp-json\/wp\/v2\/pages\/278\/revisions"}],"predecessor-version":[{"id":2680,"href":"https:\/\/www.farnostml.cz\/en\/wp-json\/wp\/v2\/pages\/278\/revisions\/2680"}],"up":[{"embeddable":true,"href":"https:\/\/www.farnostml.cz\/en\/wp-json\/wp\/v2\/pages\/57"}],"wp:attachment":[{"href":"https:\/\/www.farnostml.cz\/en\/wp-json\/wp\/v2\/media?parent=278"}],"curies":[{"name":"wp","href":"https:\/\/api.w.org\/{rel}","templated":true}]}}