{"id":3045,"date":"2019-05-02T23:53:31","date_gmt":"2019-05-02T22:23:31","guid":{"rendered":"https:\/\/www.farnostml.cz\/fotogalerie\/velikonocni-vigilie-2019\/"},"modified":"2019-05-05T18:53:27","modified_gmt":"2019-05-05T17:23:27","slug":"velikonocni-vigilie-2019","status":"publish","type":"page","link":"https:\/\/www.farnostml.cz\/en\/fotogalerie\/velikonocni-vigilie-2019\/","title":{"rendered":"Easter Vigil 2019"},"content":{"rendered":"<p>20. 4. 2019 | farn\u00ed kostel Nanebevzet\u00ed Panny Marie, Mari\u00e1nsk\u00e9 L\u00e1zn\u011b | Foto: So\u0148a Pikrtov\u00e1<br \/>\nngg_shortcode_0_placeholder","protected":false},"excerpt":{"rendered":"<p>20. 4. 2019 | farn\u00ed kostel Nanebevzet\u00ed Panny Marie, Mari\u00e1nsk\u00e9 L\u00e1zn\u011b | Foto: So\u0148a Pikrtov\u00e1<\/p>","protected":false},"author":1,"featured_media":3054,"parent":209,"menu_order":0,"comment_status":"closed","ping_status":"closed","template":"","meta":{"ngg_post_thumbnail":681,"footnotes":""},"class_list":{"0":"entry","1":"page","2":"publish","3":"author-honza","4":"post-3045","6":"has-post-thumbnail"},"jetpack_sharing_enabled":true,"_links":{"self":[{"href":"https:\/\/www.farnostml.cz\/en\/wp-json\/wp\/v2\/pages\/3045","targetHints":{"allow":["GET"]}}],"collection":[{"href":"https:\/\/www.farnostml.cz\/en\/wp-json\/wp\/v2\/pages"}],"about":[{"href":"https:\/\/www.farnostml.cz\/en\/wp-json\/wp\/v2\/types\/page"}],"author":[{"embeddable":true,"href":"https:\/\/www.farnostml.cz\/en\/wp-json\/wp\/v2\/users\/1"}],"replies":[{"embeddable":true,"href":"https:\/\/www.farnostml.cz\/en\/wp-json\/wp\/v2\/comments?post=3045"}],"version-history":[{"count":2,"href":"https:\/\/www.farnostml.cz\/en\/wp-json\/wp\/v2\/pages\/3045\/revisions"}],"predecessor-version":[{"id":3051,"href":"https:\/\/www.farnostml.cz\/en\/wp-json\/wp\/v2\/pages\/3045\/revisions\/3051"}],"up":[{"embeddable":true,"href":"https:\/\/www.farnostml.cz\/en\/wp-json\/wp\/v2\/pages\/209"}],"wp:featuredmedia":[{"embeddable":true,"href":"https:\/\/www.farnostml.cz\/en\/wp-json\/wp\/v2\/media\/3054"}],"wp:attachment":[{"href":"https:\/\/www.farnostml.cz\/en\/wp-json\/wp\/v2\/media?parent=3045"}],"curies":[{"name":"wp","href":"https:\/\/api.w.org\/{rel}","templated":true}]}}