{"id":5179,"date":"2020-03-14T21:01:30","date_gmt":"2020-03-14T19:31:30","guid":{"rendered":"https:\/\/www.farnostml.cz\/?page_id=5179"},"modified":"2023-02-20T20:22:10","modified_gmt":"2023-02-20T19:22:10","slug":"zive","status":"publish","type":"page","link":"https:\/\/www.farnostml.cz\/en\/zive\/","title":{"rendered":"\u017div\u00e9 vys\u00edl\u00e1n\u00ed"},"content":{"rendered":"<h5 class=\"wp-block-heading\">Pl\u00e1n vys\u00edl\u00e1n\u00ed<\/h5>\n\n\n\n<div class=\"wp-block-columns are-vertically-aligned-center is-layout-flex wp-container-core-columns-is-layout-9d6595d7 wp-block-columns-is-layout-flex\">\n<div class=\"wp-block-column is-vertically-aligned-center is-layout-flow wp-block-column-is-layout-flow\"><div class=\"em em-view-container\" id=\"em-view-725094597\" data-view=\"list\">\r\n\t<div class=\"em pixelbones em-list em-events-list\" id=\"em-events-list-725094597\" data-view-id=\"725094597\">\r\n\t<div style=\"margin-top: 0px;margin-bottom: 20px;background-color: white\">No events are available.<\/div><!--#more-label{display:none;}-->\t<\/div>\r\n<\/div>\n<\/div>\n\n\n\n<div class=\"wp-block-column is-layout-flow wp-block-column-is-layout-flow\" style=\"flex-basis:66%\">\n<p>Pravideln\u00e9 p\u0159enosy m\u0161\u00ed svat\u00fdch i ne\u0161por a litani\u00ed ke cti bl. Karla byly ukon\u010deny.<\/p>\n\n\n\n<div class=\"wp-block-buttons is-horizontal is-content-justification-center is-layout-flex wp-container-core-buttons-is-layout-499968f5 wp-block-buttons-is-layout-flex\">\n<div class=\"wp-block-button\"><a class=\"wp-block-button__link wp-element-button\" href=\"https:\/\/www.farnostml.cz\/en\/zive\/archiv\/\"><mark style=\"background-color:rgba(0, 0, 0, 0)\" class=\"has-inline-color has-white-color\">Archiv vys\u00edl\u00e1n\u00ed<\/mark><\/a><\/div>\n<\/div>\n<\/div>\n<\/div>\n\n\n\n<p class=\"has-small-font-size\">P\u0159enosy jsou zaji\u0161\u0165ov\u00e1ny p\u0159es Facebook. Ke sledov\u00e1n\u00ed vys\u00edl\u00e1n\u00ed na po\u010d\u00edta\u010di nen\u00ed nutn\u00e9 b\u00fdt na Facebooku p\u0159ihl\u00e1\u0161en ani registrov\u00e1n. Pokud zde v \u010dase vys\u00edl\u00e1n\u00ed nevid\u00edte video s p\u0159enosem, pravd\u011bpodobn\u011b pou\u017e\u00edv\u00e1te dopln\u011bk v prohl\u00ed\u017ee\u010di blokuj\u00edc\u00ed obsah z Facebooku (obvykle blok\u00e1tor reklam).<br>Pro sledov\u00e1n\u00ed zm\u011b\u0148te jeho nastaven\u00ed nebo ho vypn\u011bte.<br>M\u016f\u017eete tak\u00e9 kliknout na tla\u010d\u00edtko &#8222;p\u0159\u00edm\u00fd odkaz zde&#8220;, to v\u00e1s p\u0159esm\u011bruje na Facebook, ale ani tam se nemus\u00edte registrovat.<\/p>\n\n\n\n<p class=\"has-small-font-size\">Z technick\u00fdch d\u016fvod\u016f na stran\u011b Facebooku nelze sledovat \u017eiv\u00e9 vys\u00edl\u00e1n\u00ed z na\u0161eho webu na mobiln\u00edm telefonu. Pro sledov\u00e1n\u00ed na telefonu je nutn\u00e9 pou\u017e\u00edt aplikaci Facebook, ve kter\u00e9 najdete \u0158\u00edmskokatolickou farnost Mari\u00e1nsk\u00e9 L\u00e1zn\u011b.<\/p>\n\n\n\n<div class=\"facebook-responsive\"><iframe src=\"https:\/\/www.facebook.com\/plugins\/video.php?href=https%3A%2F%2Fwww.facebook.com%2FFarnostML%2Fvideos%2F1672328376495487\" style=\"border:none;overflow:hidden\" scrolling=\"no\" frameborder=\"0\" allowtransparency=\"true\" allowfullscreen=\"true\"><\/iframe><\/div>\n<p class=\"has-text-align-center has-small-font-size\"><em>Litanie ke cti bl. Karla Rakousk\u00e9ho, 21. 1. 19:00, kaple na fa\u0159e, Mari\u00e1nsk\u00e9 L\u00e1zn\u011b\n<\/em><br>\n<a href='https:\/\/www.facebook.com\/FarnostML\/videos\/1672328376495487\/'>p\u0159\u00edm\u00fd odkaz zde<\/a><\/p><div style=\"margin-bottom:25px;text-align:center;\"><a href=\"\/en\/breviar\/\" class=\"su-button su-button-style-default\" style=\"color:#FFFFFF;background-color:#1d231a;border-color:#181c15;border-radius:5px;-moz-border-radius:5px;-webkit-border-radius:5px\" target=\"_blank\" rel=\"noopener noreferrer\"><span style=\"color:#FFFFFF;padding:0px 16px;font-size:13px;line-height:26px;border-color:#61655f;border-radius:5px;-moz-border-radius:5px;-webkit-border-radius:5px;text-shadow:none;-moz-text-shadow:none;-webkit-text-shadow:none\">Brevi\u00e1\u0159<\/span><\/a><\/div>\n\n\n\n<div style=\"height:20px\" aria-hidden=\"true\" class=\"wp-block-spacer\"><\/div>\n\n\n\n<div style=\"display:none\"><a href=\"https:\/\/www.farnostml.cz\/en\/\" class=\"su-button su-button-style-default\" style=\"color:#FFFFFF;background-color:#2D89EF;border-color:#246ec0;border-radius:5px\" target=\"_self\"><span style=\"color:#FFFFFF;padding:0px 16px;font-size:13px;line-height:26px;border-color:#6cadf4;border-radius:5px;text-shadow:none\"> <\/span><\/a><\/div>\n<style>\n.archive-btn {\n    text-align: center;\n}\n<\/style>","protected":false},"excerpt":{"rendered":"<p>\u017div\u00e9 vys\u00edl\u00e1n\u00ed bohoslu\u017eeb zejm\u00e9na z kaple sv. \u0160arbela, bl. Hroznaty a Karla na fa\u0159e v Mari\u00e1nsk\u00fdch L\u00e1zn\u00edch<\/p>","protected":false},"author":1,"featured_media":0,"parent":0,"menu_order":0,"comment_status":"closed","ping_status":"closed","template":"","meta":{"ngg_post_thumbnail":0,"footnotes":""},"class_list":["entry","page","publish","author-honza","has-excerpt","post-5179"],"jetpack_sharing_enabled":true,"_links":{"self":[{"href":"https:\/\/www.farnostml.cz\/en\/wp-json\/wp\/v2\/pages\/5179","targetHints":{"allow":["GET"]}}],"collection":[{"href":"https:\/\/www.farnostml.cz\/en\/wp-json\/wp\/v2\/pages"}],"about":[{"href":"https:\/\/www.farnostml.cz\/en\/wp-json\/wp\/v2\/types\/page"}],"author":[{"embeddable":true,"href":"https:\/\/www.farnostml.cz\/en\/wp-json\/wp\/v2\/users\/1"}],"replies":[{"embeddable":true,"href":"https:\/\/www.farnostml.cz\/en\/wp-json\/wp\/v2\/comments?post=5179"}],"version-history":[{"count":97,"href":"https:\/\/www.farnostml.cz\/en\/wp-json\/wp\/v2\/pages\/5179\/revisions"}],"predecessor-version":[{"id":10860,"href":"https:\/\/www.farnostml.cz\/en\/wp-json\/wp\/v2\/pages\/5179\/revisions\/10860"}],"wp:attachment":[{"href":"https:\/\/www.farnostml.cz\/en\/wp-json\/wp\/v2\/media?parent=5179"}],"curies":[{"name":"wp","href":"https:\/\/api.w.org\/{rel}","templated":true}]}}