{"id":5228,"date":"2020-03-17T10:30:03","date_gmt":"2020-03-17T09:00:03","guid":{"rendered":"https:\/\/www.farnostml.cz\/?page_id=5228"},"modified":"2020-10-23T15:09:30","modified_gmt":"2020-10-23T13:09:30","slug":"archiv","status":"publish","type":"page","link":"https:\/\/www.farnostml.cz\/en\/zive\/archiv\/","title":{"rendered":"Archiv vys\u00edl\u00e1n\u00ed"},"content":{"rendered":"<div class=\"facebook-responsive\"><iframe src=\"https:\/\/www.facebook.com\/plugins\/video.php?href=https%3A%2F%2Fwww.facebook.com%2FFarnostML%2Fvideos%2F530051425730212\" style=\"border:none;overflow:hidden\" scrolling=\"no\" frameborder=\"0\" allowtransparency=\"true\" allowfullscreen=\"true\"><\/iframe><\/div>\n<p class=\"has-text-align-center has-small-font-size\"><em>Ne\u0161pory ke cti bl. Karla Rakousk\u00e9ho, 21. 12. 19:00, kaple na fa\u0159e, Mari\u00e1nsk\u00e9 L\u00e1zn\u011b\n<\/em><br>\n<a href=\"https:\/\/www.facebook.com\/FarnostML\/videos\/530051425730212\/\">p\u0159\u00edm\u00fd odkaz zde<\/a><\/p><div class=\"facebook-responsive\"><iframe src=\"https:\/\/www.facebook.com\/plugins\/video.php?href=https%3A%2F%2Fwww.facebook.com%2FFarnostML%2Fvideos%2F866123507725292\" style=\"border:none;overflow:hidden\" scrolling=\"no\" frameborder=\"0\" allowtransparency=\"true\" allowfullscreen=\"true\"><\/iframe><\/div>\n<p class=\"has-text-align-center has-small-font-size\"><em>Ne\u0161pory ke cti bl. Karla Rakousk\u00e9ho, 21. 11. 19:00, kaple na fa\u0159e, Mari\u00e1nsk\u00e9 L\u00e1zn\u011b\n<\/em><br>\n<a href=\"https:\/\/www.facebook.com\/FarnostML\/videos\/866123507725292\/\">p\u0159\u00edm\u00fd odkaz zde<\/a><\/p><div class=\"facebook-responsive\"><iframe src=\"https:\/\/www.facebook.com\/plugins\/video.php?href=https%3A%2F%2Fwww.facebook.com%2FFarnostML%2Fvideos%2F1420815924988574\" style=\"border:none;overflow:hidden\" scrolling=\"no\" frameborder=\"0\" allowtransparency=\"true\" allowfullscreen=\"true\"><\/iframe><\/div>\n<p class=\"has-text-align-center has-small-font-size\"><em>Ne\u0161pory ke cti bl. Karla Rakousk\u00e9ho, 21. 10. 19:00, kaple na fa\u0159e, Mari\u00e1nsk\u00e9 L\u00e1zn\u011b\n<\/em><br>\n<a href=\"https:\/\/www.facebook.com\/FarnostML\/videos\/1420815924988574\/\">p\u0159\u00edm\u00fd odkaz zde<\/a><\/p><div class=\"facebook-responsive\"><iframe src=\"https:\/\/www.facebook.com\/plugins\/video.php?href=https%3A%2F%2Fwww.facebook.com%2FFarnostML%2Fvideos%2F1258270578294395\" style=\"border:none;overflow:hidden\" scrolling=\"no\" frameborder=\"0\" allowtransparency=\"true\" allowfullscreen=\"true\"><\/iframe><\/div>\n<p class=\"has-text-align-center has-small-font-size\"><em>Ne\u0161pory ke cti bl. Karla Rakousk\u00e9ho, 21. 9. 19:00, kaple na fa\u0159e, Mari\u00e1nsk\u00e9 L\u00e1zn\u011b\n<\/em><br>\n<a href=\"https:\/\/www.facebook.com\/FarnostML\/videos\/1258270578294395\/\">p\u0159\u00edm\u00fd odkaz zde<\/a><\/p><div class=\"facebook-responsive\"><iframe src=\"https:\/\/www.facebook.com\/plugins\/video.php?href=https%3A%2F%2Fwww.facebook.com%2FFarnostML%2Fvideos%2F1002335277129091\" style=\"border:none;overflow:hidden\" scrolling=\"no\" frameborder=\"0\" allowtransparency=\"true\" allowfullscreen=\"true\"><\/iframe><\/div>\n<p class=\"has-text-align-center has-small-font-size\"><em>Ne\u0161pory ke cti bl. Karla Rakousk\u00e9ho, 21. 8. 19:00, kaple na fa\u0159e, Mari\u00e1nsk\u00e9 L\u00e1zn\u011b\n<\/em><br>\n<a href=\"https:\/\/www.facebook.com\/FarnostML\/videos\/1002335277129091\/\">p\u0159\u00edm\u00fd odkaz zde<\/a><\/p><div class=\"facebook-responsive\"><iframe src=\"https:\/\/www.facebook.com\/plugins\/video.php?href=https%3A%2F%2Fwww.facebook.com%2FFarnostML%2Fvideos%2F372937694956908\" style=\"border:none;overflow:hidden\" scrolling=\"no\" frameborder=\"0\" allowtransparency=\"true\" allowfullscreen=\"true\"><\/iframe><\/div>\n<p class=\"has-text-align-center has-small-font-size\"><em>Ne\u0161pory ke cti bl. Karla Rakousk\u00e9ho, 21. 7. 19:00, kaple na fa\u0159e, Mari\u00e1nsk\u00e9 L\u00e1zn\u011b\n<\/em><br>\n<a href=\"https:\/\/www.facebook.com\/FarnostML\/videos\/372937694956908\/\">p\u0159\u00edm\u00fd odkaz zde<\/a><\/p><div class=\"facebook-responsive\"><iframe src=\"https:\/\/www.facebook.com\/plugins\/video.php?href=https%3A%2F%2Fwww.facebook.com%2FFarnostML%2Fvideos%2F978726499487687\" style=\"border:none;overflow:hidden\" scrolling=\"no\" frameborder=\"0\" allowtransparency=\"true\" allowfullscreen=\"true\"><\/iframe><\/div>\n<p class=\"has-text-align-center has-small-font-size\"><em>Ne\u0161pory ke cti bl. Karla Rakousk\u00e9ho, 21. 6. 19:00, kaple na fa\u0159e, Mari\u00e1nsk\u00e9 L\u00e1zn\u011b\n<\/em><br>\n<a href=\"https:\/\/www.facebook.com\/FarnostML\/videos\/978726499487687\/\">p\u0159\u00edm\u00fd odkaz zde<\/a><\/p><div class=\"facebook-responsive\"><iframe src=\"https:\/\/www.facebook.com\/plugins\/video.php?href=https%3A%2F%2Fwww.facebook.com%2FFarnostML%2Fvideos%2F3110405805955703\" style=\"border:none;overflow:hidden\" scrolling=\"no\" frameborder=\"0\" allowtransparency=\"true\" allowfullscreen=\"true\"><\/iframe><\/div>\n<p class=\"has-text-align-center has-small-font-size\"><em>Litanie ke cti. bl. Karla Rakousk\u00e9ho, 21. 5. 19:00, kaple na fa\u0159e, Mari\u00e1nsk\u00e9 L\u00e1zn\u011b\n<\/em><br>\n<a href=\"https:\/\/www.facebook.com\/FarnostML\/videos\/3110405805955703\/\">p\u0159\u00edm\u00fd odkaz zde<\/a><\/p><div class=\"facebook-responsive\">\n<\/div>\n<p class=\"has-text-align-center has-small-font-size\"><em>Litanie ke cti bl. Karla Rakousk\u00e9ho, 21. 5. 19:00, kaple na fa\u0159e, Mari\u00e1nsk\u00e9 L\u00e1zn\u011b\n<\/em><br>\n<\/p><div class=\"facebook-responsive\"><iframe src=\"https:\/\/www.facebook.com\/plugins\/video.php?href=https%3A%2F%2Fwww.facebook.com%2FFarnostML%2Fvideos%2F567709424499211\" style=\"border:none;overflow:hidden\" scrolling=\"no\" frameborder=\"0\" allowtransparency=\"true\" allowfullscreen=\"true\"><\/iframe><\/div>\n<p class=\"has-text-align-center has-small-font-size\"><em>Litanie ke cti bl. Karla Rakousk\u00e9ho, 21. 4. 19:00, kaple na fa\u0159e, Mari\u00e1nsk\u00e9 L\u00e1zn\u011b\n<\/em><br>\n<a href=\"https:\/\/www.facebook.com\/FarnostML\/videos\/567709424499211\/\">p\u0159\u00edm\u00fd odkaz zde<\/a><\/p><p style='text-align:center;line-height:32px'><b>Str\u00e1nka 1 z 37<\/b><a href=\"?stranka=2\" class=\"su-button su-button-style-default\" style=\"float:right;color:#FFFFFF;background-color:#1d231a;border-color:#181c15;border-radius:4px;-moz-border-radius:4px;-webkit-border-radius:4px\" target=\"_self\"><span style=\"color:#FFFFFF;padding:5px 14px;font-size:12px;line-height:18px;border-color:#61655f;border-radius:4px;-moz-border-radius:4px;-webkit-border-radius:4px;text-shadow:none;-moz-text-shadow:none;-webkit-text-shadow:none\">Dal\u0161\u00ed <i class=\"sui sui-chevron-right\" style=\"font-size:12px;color:#FFFFFF;margin:0 0 0 0.5em !important\"><\/i><\/span><\/a><\/p>\n\n\n\n<style>\n.ram{margin-bottom: 1.5em; padding: 1em; border-width: 1px 0; border-style: solid; text-align: center; background-color:#ffffff; border-color:#cccccc; color:#666666}\n.facebook-responsive {\n    overflow: hidden;\n    padding-bottom: 56.25%;\n    margin-bottom: 10px;\n    position: relative;\n    height: 0;\n}\n.facebook-responsive iframe {\n    left: 0;\n    top: 0;\n    height: 100%;\n    width: 100%;\n    position: absolute;\n}\n<\/style>\n\n\n<div style=\"display:none\"><a href=\"https:\/\/www.farnostml.cz\/en\/\" class=\"su-button su-button-style-default\" style=\"color:#FFFFFF;background-color:#2D89EF;border-color:#246ec0;border-radius:5px\" target=\"_self\"><span style=\"color:#FFFFFF;padding:6px 16px;font-size:13px;line-height:20px;border-color:#6cadf4;border-radius:5px;text-shadow:none\"><i class=\"sui sui-chevron-right\" style=\"font-size:13px;color:#FFFFFF\"><\/i> <\/span><\/a><\/div>","protected":false},"excerpt":{"rendered":"<p>Videa, kter\u00e1 byla \u017eiv\u011b vys\u00edl\u00e1na z na\u0161\u00ed farnosti.<\/p>","protected":false},"author":1,"featured_media":0,"parent":5179,"menu_order":0,"comment_status":"closed","ping_status":"closed","template":"","meta":{"ngg_post_thumbnail":0,"footnotes":""},"class_list":["entry","page","publish","author-honza","has-excerpt","post-5228"],"jetpack_sharing_enabled":true,"_links":{"self":[{"href":"https:\/\/www.farnostml.cz\/en\/wp-json\/wp\/v2\/pages\/5228","targetHints":{"allow":["GET"]}}],"collection":[{"href":"https:\/\/www.farnostml.cz\/en\/wp-json\/wp\/v2\/pages"}],"about":[{"href":"https:\/\/www.farnostml.cz\/en\/wp-json\/wp\/v2\/types\/page"}],"author":[{"embeddable":true,"href":"https:\/\/www.farnostml.cz\/en\/wp-json\/wp\/v2\/users\/1"}],"replies":[{"embeddable":true,"href":"https:\/\/www.farnostml.cz\/en\/wp-json\/wp\/v2\/comments?post=5228"}],"version-history":[{"count":25,"href":"https:\/\/www.farnostml.cz\/en\/wp-json\/wp\/v2\/pages\/5228\/revisions"}],"predecessor-version":[{"id":6218,"href":"https:\/\/www.farnostml.cz\/en\/wp-json\/wp\/v2\/pages\/5228\/revisions\/6218"}],"up":[{"embeddable":true,"href":"https:\/\/www.farnostml.cz\/en\/wp-json\/wp\/v2\/pages\/5179"}],"wp:attachment":[{"href":"https:\/\/www.farnostml.cz\/en\/wp-json\/wp\/v2\/media?parent=5228"}],"curies":[{"name":"wp","href":"https:\/\/api.w.org\/{rel}","templated":true}]}}