{"id":57,"date":"2014-03-21T18:35:21","date_gmt":"2014-03-21T17:35:21","guid":{"rendered":"http:\/\/www.farnostml.cz\/?page_id=57"},"modified":"2024-11-24T16:50:15","modified_gmt":"2024-11-24T15:50:15","slug":"bohosluzby","status":"publish","type":"page","link":"https:\/\/www.farnostml.cz\/en\/bohosluzby\/","title":{"rendered":"Order of regular services"},"content":{"rendered":"<p class=\"ram\">This overview is valid from <span>June 1st, 2024<\/span>.<\/p>\n\n\n\n<p class=\"ram\">The overview does not consider other special events such as feasts and solemnities, which can be found in the right column and on the page of <a href=\"https:\/\/www.farnostml.cz\/en\/udalosti\/vsechny\/\" title=\"All Events\">Events<\/a>.<\/p>\n\n\n\n<!--Tento p\u0159ehled je platn\u00fd od 1. z\u00e1\u0159\u00ed <b>do 11. \u0159\u00edjna<\/b> (po dobu st\u00e1vaj\u00edc\u00edch hygienick\u00fdch opat\u0159en\u00ed a platn\u00e9ho j\u00edzdn\u00edho \u0159\u00e1du MHD). Nezahrnuje v\u0161ak dal\u0161\u00ed mimo\u0159\u00e1dnosti jako jsou sv\u00e1tky a slavnosti. Ty naleznete v sekci <a href=\"\/udalosti\/\">Ud\u00e1losti<\/a>. Tam si m\u016f\u017eete zobrazit tak\u00e9 <a href=\"\/udalosti\/vsechny\/\">kompletn\u00ed chronologick\u00fd seznam<\/a> v\u0161ech bohoslu\u017eeb.-->\n<link rel=\"stylesheet\" href=\"\/wp-content\/plugins\/shortcodes-ultimate\/includes\/css\/shortcodes.css\" media=\"all\">\n\n\n\n<h2 class=\"wp-block-heading\"><strong>Mari\u00e1nsk\u00e9 L\u00e1zn\u011b<\/strong><\/h2>\n\n\n\n<h3 class=\"wp-block-heading\">Assumption of the Blessed Virgin Mary Church <a href=\"https:\/\/www.farnostml.cz\/en\/bohosluzby\/farni-kostel\/\"><sup><strong>?<\/strong><\/sup><\/a><\/h3>\n\n\n<div class=\"su-table su-table-alternate\">\n<table>\n<tbody>\n<tr>\n<th style=\"text-align: left !important;width: 150px;padding: 10px !important;padding-left: 20px !important;font-size: 14pt !important\">Sunday<\/th>\n<td style=\"text-align: center;font-size: 14pt\">10:15<\/td>\n<td style=\"text-align: center;font-size: 14pt\">17:15<\/td>\n<\/tr>\n<tr>\n<th style=\"text-align: left !important;width: 150px;padding: 10px !important;padding-left: 20px !important\">Tuesday<\/th>\n<td style=\"text-align: center\">9:45<\/td>\n<td style=\"text-align: center\"><\/td>\n<\/tr>\n<tr>\n<th style=\"text-align: left !important;width: 150px;padding: 10px !important;padding-left: 20px !important\">Wednesday<\/th>\n<td style=\"text-align: center\"><\/td>\n<td style=\"text-align: center\">17:15<\/td>\n<\/tr>\n<tr>\n<th style=\"text-align: left !important;width: 150px;padding: 10px !important;padding-left: 20px !important\">Thursday<\/th>\n<td style=\"text-align: center\">9:45<\/td>\n<td style=\"text-align: center\"><\/td>\n<\/tr>\n<tr>\n<th style=\"text-align: left !important;width: 150px;padding: 10px !important;padding-left: 20px !important\">Friday<\/th>\n<td style=\"text-align: center\"><\/td>\n<td style=\"text-align: center\">17:15<\/td>\n<\/tr>\n<tr>\n<th style=\"text-align: left !important;width: 150px;padding: 10px !important;padding-left: 20px !important\">Saturday<\/th>\n<td style=\"text-align: center\"><\/td>\n<td style=\"text-align: center\">17:15<br \/><small>2nd, 4th and 5th Saturday of a month<\/small><\/td>\n<\/tr>\n<\/tbody>\n<\/table>\n<\/div>\n<span>This week\u2019s Saturday is<\/span> 3. <span>of the month.<\/span><\/p>\n\n\n\n<h3 class=\"wp-block-heading\">Saint Anthony\u2019s Church <a href=\"https:\/\/www.farnostml.cz\/en\/bohosluzby\/usovice\/\"><sup><strong>?<\/strong><\/sup><\/a><\/h3>\n\n\n<div class=\"su-table su-table-alternate\">\n<table>\n<tbody>\n<tr>\n<th style=\"text-align: left !important;width: 150px;padding: 10px !important;padding-left: 20px !important;font-size: 14pt !important\">Sunday<\/th>\n<td style=\"text-align: center;font-size: 14pt\">8:30<\/td>\n<\/tr>\n<\/tbody>\n<\/table>\n<\/div>\n\n\n\n<h2 class=\"wp-block-heading\"><strong>Velk\u00e1 Hle\u010fsebe<\/strong><\/h2>\n\n\n\n<h3 class=\"wp-block-heading\">Saint Anne\u2019s Church <a href=\"http:\/\/www.farnostml.cz\/en\/bohosluzby\/velka-hledsebe\/\"><sup><strong>?<\/strong><\/sup><\/a><\/h3>\n\n\n<div class=\"su-table su-table-alternate\">\n<table>\n<tbody>\n<tr>\n<th style=\"text-align: left !important;width: 150px;padding: 10px !important;padding-left: 20px !important;font-size: 14pt !important\">Sunday<\/th>\n<td style=\"text-align: center;font-size: 14pt !important\">8:30<\/td>\n<\/tr>\n<\/tbody>\n<\/table>\n<\/div>\n\n\n\n<h2 class=\"wp-block-heading\"><strong>L\u00e1zn\u011b Kyn\u017evart<\/strong><\/h2>\n\n\n\n<h3 class=\"wp-block-heading\">Saint Margaret\u2019s Church <a href=\"http:\/\/www.farnostml.cz\/en\/bohosluzby\/lazne-kynzvart\/\"><sup><strong>?<\/strong><\/sup><\/a><\/h3>\n\n\n<div class=\"su-table su-table-alternate\">\n<table>\n<tbody>\n<tr>\n<th style=\"text-align: left !important;width: 150px;padding: 10px !important;padding-left: 20px !important;font-size: 14pt !important\">Sunday<\/th>\n<td style=\"text-align: center;font-size: 14pt\">14:30<\/td>\n<\/tr>\n<\/tbody>\n<\/table>\n<\/div>\n\n\n\n<h2 class=\"wp-block-heading\"><strong>Drmoul<\/strong><\/h2>\n\n\n\n<h3 class=\"wp-block-heading\">Saint Joseph\u2019s Chapel <a href=\"https:\/\/www.farnostml.cz\/en\/bohosluzby\/drmoul\/\" title=\"Saint Joseph\u2019s Chapel\"><sup><strong>?<\/strong><\/sup><\/a><\/h3>\n\n\n\n<div class=\"su-table su-table-alternate\">\n<table>\n<tbody>\n<tr>\n<th style=\"text-align: left !important;width: 150px;padding: 10px !important;padding-left: 20px !important\">Saturday<\/th>\n<td style=\"text-align: center\">15:30 <small>1st Saturday of a month<\/small><\/td>\n<\/tr>\n<\/tbody>\n<\/table>\n<\/div>\n<span>This week\u2019s Saturday is<\/span> 3. <span>of the month.<\/span>\n\n\n\n<h2 class=\"wp-block-heading\"><strong>Trst\u011bnice<\/strong><\/h2>\n\n\n\n<h3 class=\"wp-block-heading\">Saint Vitus\u2019 Church <sup><strong><a href=\"https:\/\/www.farnostml.cz\/en\/bohosluzby\/trstenice\/\" title=\"Saint Vitus\u2019 Church\">?<\/a><\/strong><\/sup><\/h3>\n\n\n\n<div class=\"su-table su-table-alternate\">\n<table>\n<tbody>\n<tr>\n<th style=\"text-align: left !important;width: 150px;padding: 10px !important;padding-left: 20px !important\">Saturday<\/th>\n<td style=\"text-align: center\">15:30 <small>3rd Saturday of a month<\/small><\/td>\n<\/tr>\n<\/tbody>\n<\/table>\n<\/div>\n<span>This week\u2019s Saturday is<\/span> 3. <span>of the month.<\/span>\n\n\n\n<h2 class=\"wp-block-heading\"><strong>Mari\u00e1nsk\u00e9 L\u00e1zn\u011b<\/strong><\/h2>\n\n\n\n<h3 class=\"wp-block-heading\">Saint Sharbel, Blessed Hroznata and Charles\u2019 Chapel <a href=\"https:\/\/www.farnostml.cz\/en\/mista\/kaple-svateho-sarbela-blahoslaveneho-hroznaty-a-karla\/\" title=\"https:\/\/www.farnostml.cz\/mista\/kaple-svateho-sarbela-blahoslaveneho-hroznaty-a-karla\/\"><sup><strong>?<\/strong><\/sup><\/a><\/h3>\n\n\n<div class=\"su-table su-table-alternate\">\n<table>\n<tbody>\n<tr>\n<th style=\"text-align: left !important;width: 150px;padding: 10px !important;padding-left: 20px !important\">Thursday<\/th>\n<td style=\"text-align: center\">18:00 <small>2nd and 4th Thursday of a month<\/small><br \/>Divine Liturgy of St. John Chrysostom<\/td>\n<\/tr>\n<tr>\n<th style=\"text-align: left !important;width: 150px;padding: 10px !important;padding-left: 20px !important\" rowspan=\"2\">Saturday<\/th>\n<td style=\"text-align: center\">18:00 <small>1st Saturday of a month<\/small><br \/>prayer of the Marian hymn Akathist<\/td>\n<\/tr>\n<tr>\n<td style=\"text-align: center\">18:00 <small>3rd Saturday of a month<\/small><br \/>Divine Liturgy of St. John Chrysostom<\/td>\n<\/tr>\n<\/tbody>\n<\/table>\n<\/div>\n<span>This week's Thursday is<\/span> 3. <span>of the month.<\/span><br \/>\n<span>This week\u2019s Saturday is<\/span> 3. <span>of the month.<\/span><br \/>\n<!--\n\n<th style=\"text-align: left !important; width: 150px; padding: 10px !important; padding-left: 20px !important;\">Sobota<\/th>\n\n--><\/p>","protected":false},"excerpt":{"rendered":"<p>Tento p\u0159ehled je platn\u00fd od 1. \u010dervna 2024. P\u0159ehled nezahrnuje dal\u0161\u00ed mimo\u0159\u00e1dnosti jako jsou sv\u00e1tky a slavnosti, ty naleznete v prav\u00e9m sloupci a na str\u00e1nce Ud\u00e1losti. Mari\u00e1nsk\u00e9 L\u00e1zn\u011b Kostel Nanebevzet\u00ed Panny Marie ? Kostel svat\u00e9ho Anton\u00edna ? Velk\u00e1 Hle\u010fsebe Kostel svat\u00e9 Anny ? L\u00e1zn\u011b Kyn\u017evart Kostel svat\u00e9 Mark\u00e9ty ? Drmoul Kaple svat\u00e9ho Josefa ? Sobota &#8230; <span class=\"more\"><a class=\"more-link\" href=\"https:\/\/www.farnostml.cz\/en\/bohosluzby\/\">[\u010c\u00edst d\u00e1l&#8230;]<\/a><\/span><\/p>\n","protected":false},"author":1,"featured_media":0,"parent":0,"menu_order":0,"comment_status":"closed","ping_status":"open","template":"","meta":{"ngg_post_thumbnail":0,"footnotes":""},"class_list":["entry","page","publish","author-honza","post-57"],"jetpack_sharing_enabled":true,"_links":{"self":[{"href":"https:\/\/www.farnostml.cz\/en\/wp-json\/wp\/v2\/pages\/57","targetHints":{"allow":["GET"]}}],"collection":[{"href":"https:\/\/www.farnostml.cz\/en\/wp-json\/wp\/v2\/pages"}],"about":[{"href":"https:\/\/www.farnostml.cz\/en\/wp-json\/wp\/v2\/types\/page"}],"author":[{"embeddable":true,"href":"https:\/\/www.farnostml.cz\/en\/wp-json\/wp\/v2\/users\/1"}],"replies":[{"embeddable":true,"href":"https:\/\/www.farnostml.cz\/en\/wp-json\/wp\/v2\/comments?post=57"}],"version-history":[{"count":176,"href":"https:\/\/www.farnostml.cz\/en\/wp-json\/wp\/v2\/pages\/57\/revisions"}],"predecessor-version":[{"id":13079,"href":"https:\/\/www.farnostml.cz\/en\/wp-json\/wp\/v2\/pages\/57\/revisions\/13079"}],"wp:attachment":[{"href":"https:\/\/www.farnostml.cz\/en\/wp-json\/wp\/v2\/media?parent=57"}],"curies":[{"name":"wp","href":"https:\/\/api.w.org\/{rel}","templated":true}]}}