{"id":6000,"date":"2020-09-29T12:52:09","date_gmt":"2020-09-29T11:22:09","guid":{"rendered":"https:\/\/www.farnostml.cz\/fotogalerie\/poutni-slavnost-marianske-lazne-2020\/"},"modified":"2020-09-29T12:57:48","modified_gmt":"2020-09-29T11:27:48","slug":"poutni-slavnost-marianske-lazne-2020","status":"publish","type":"page","link":"https:\/\/www.farnostml.cz\/en\/fotogalerie\/poutni-slavnost-marianske-lazne-2020\/","title":{"rendered":"Poutn\u00ed slavnost Mari\u00e1nsk\u00e9 L\u00e1zn\u011b 2020"},"content":{"rendered":"ngg_shortcode_0_placeholder","protected":false},"excerpt":{"rendered":"","protected":false},"author":1,"featured_media":0,"parent":209,"menu_order":0,"comment_status":"closed","ping_status":"closed","template":"","meta":{"ngg_post_thumbnail":0,"footnotes":""},"class_list":["entry","page","publish","author-honza","post-6000"],"jetpack_sharing_enabled":true,"_links":{"self":[{"href":"https:\/\/www.farnostml.cz\/en\/wp-json\/wp\/v2\/pages\/6000","targetHints":{"allow":["GET"]}}],"collection":[{"href":"https:\/\/www.farnostml.cz\/en\/wp-json\/wp\/v2\/pages"}],"about":[{"href":"https:\/\/www.farnostml.cz\/en\/wp-json\/wp\/v2\/types\/page"}],"author":[{"embeddable":true,"href":"https:\/\/www.farnostml.cz\/en\/wp-json\/wp\/v2\/users\/1"}],"replies":[{"embeddable":true,"href":"https:\/\/www.farnostml.cz\/en\/wp-json\/wp\/v2\/comments?post=6000"}],"version-history":[{"count":1,"href":"https:\/\/www.farnostml.cz\/en\/wp-json\/wp\/v2\/pages\/6000\/revisions"}],"predecessor-version":[{"id":6015,"href":"https:\/\/www.farnostml.cz\/en\/wp-json\/wp\/v2\/pages\/6000\/revisions\/6015"}],"up":[{"embeddable":true,"href":"https:\/\/www.farnostml.cz\/en\/wp-json\/wp\/v2\/pages\/209"}],"wp:attachment":[{"href":"https:\/\/www.farnostml.cz\/en\/wp-json\/wp\/v2\/media?parent=6000"}],"curies":[{"name":"wp","href":"https:\/\/api.w.org\/{rel}","templated":true}]}}