{"id":6013,"date":"2020-09-29T12:55:16","date_gmt":"2020-09-29T11:25:16","guid":{"rendered":"https:\/\/www.farnostml.cz\/fotogalerie\/175-vyroci-posveceni-farniho-kostela\/"},"modified":"2020-09-29T14:27:56","modified_gmt":"2020-09-29T12:57:56","slug":"170-vyroci-posveceni-farniho-kostela","status":"publish","type":"page","link":"https:\/\/www.farnostml.cz\/en\/fotogalerie\/170-vyroci-posveceni-farniho-kostela\/","title":{"rendered":"170. v\u00fdro\u010d\u00ed posv\u011bcen\u00ed farn\u00edho kostela"},"content":{"rendered":"ngg_shortcode_0_placeholder","protected":false},"excerpt":{"rendered":"","protected":false},"author":1,"featured_media":0,"parent":209,"menu_order":0,"comment_status":"closed","ping_status":"closed","template":"","meta":{"ngg_post_thumbnail":0,"footnotes":""},"class_list":["entry","page","publish","author-honza","post-6013"],"jetpack_sharing_enabled":true,"_links":{"self":[{"href":"https:\/\/www.farnostml.cz\/en\/wp-json\/wp\/v2\/pages\/6013","targetHints":{"allow":["GET"]}}],"collection":[{"href":"https:\/\/www.farnostml.cz\/en\/wp-json\/wp\/v2\/pages"}],"about":[{"href":"https:\/\/www.farnostml.cz\/en\/wp-json\/wp\/v2\/types\/page"}],"author":[{"embeddable":true,"href":"https:\/\/www.farnostml.cz\/en\/wp-json\/wp\/v2\/users\/1"}],"replies":[{"embeddable":true,"href":"https:\/\/www.farnostml.cz\/en\/wp-json\/wp\/v2\/comments?post=6013"}],"version-history":[{"count":2,"href":"https:\/\/www.farnostml.cz\/en\/wp-json\/wp\/v2\/pages\/6013\/revisions"}],"predecessor-version":[{"id":6017,"href":"https:\/\/www.farnostml.cz\/en\/wp-json\/wp\/v2\/pages\/6013\/revisions\/6017"}],"up":[{"embeddable":true,"href":"https:\/\/www.farnostml.cz\/en\/wp-json\/wp\/v2\/pages\/209"}],"wp:attachment":[{"href":"https:\/\/www.farnostml.cz\/en\/wp-json\/wp\/v2\/media?parent=6013"}],"curies":[{"name":"wp","href":"https:\/\/api.w.org\/{rel}","templated":true}]}}