{"id":6192,"date":"2020-10-22T18:54:21","date_gmt":"2020-10-22T16:54:21","guid":{"rendered":"https:\/\/www.farnostml.cz\/?page_id=6192"},"modified":"2021-10-22T17:01:11","modified_gmt":"2021-10-22T15:01:11","slug":"breviar","status":"publish","type":"page","link":"https:\/\/www.farnostml.cz\/en\/breviar\/","title":{"rendered":"Liturgie hodin"},"content":{"rendered":"<meta http-equiv=\"refresh\" content=\"0;url=https:\/\/lh.kbs.sk\/cgi-bin\/l.cgi?qt=pdnes&amp;j=cz&amp;o1=37278&amp;o5=32768&amp;k=opraem\"><!--d\u0159\u00edve o1=37150 \u010di Karel https:\/\/lh.kbs.sk\/cgi-bin\/l.cgi?qt=pdt&amp;d=21&amp;m=10&amp;r=2021&amp;ds=1&amp;j=cz&amp;k=opraem&amp;o1=233886&amp;o4=4&amp;o5=32768&amp;p=mv -->\n\n\n\n<p id=\"block-fde00b71-d4b6-4ea4-ac20-6135fe1f5c2c\">Vy\u010dkejte na p\u0159esm\u011brov\u00e1n\u00ed nebo <a href=\"https:\/\/lh.kbs.sk\/cgi-bin\/l.cgi?qt=pdnes&amp;j=cz&amp;o1=37150&amp;k=opraem\">klikn\u011bte sem<\/a>.<\/p>","protected":false},"excerpt":{"rendered":"<p>Vy\u010dkejte na p\u0159esm\u011brov\u00e1n\u00ed nebo klikn\u011bte sem.<\/p>","protected":false},"author":1,"featured_media":0,"parent":0,"menu_order":0,"comment_status":"closed","ping_status":"closed","template":"","meta":{"ngg_post_thumbnail":0,"footnotes":""},"class_list":["entry","page","publish","author-honza","post-6192"],"jetpack_sharing_enabled":true,"_links":{"self":[{"href":"https:\/\/www.farnostml.cz\/en\/wp-json\/wp\/v2\/pages\/6192","targetHints":{"allow":["GET"]}}],"collection":[{"href":"https:\/\/www.farnostml.cz\/en\/wp-json\/wp\/v2\/pages"}],"about":[{"href":"https:\/\/www.farnostml.cz\/en\/wp-json\/wp\/v2\/types\/page"}],"author":[{"embeddable":true,"href":"https:\/\/www.farnostml.cz\/en\/wp-json\/wp\/v2\/users\/1"}],"replies":[{"embeddable":true,"href":"https:\/\/www.farnostml.cz\/en\/wp-json\/wp\/v2\/comments?post=6192"}],"version-history":[{"count":7,"href":"https:\/\/www.farnostml.cz\/en\/wp-json\/wp\/v2\/pages\/6192\/revisions"}],"predecessor-version":[{"id":8305,"href":"https:\/\/www.farnostml.cz\/en\/wp-json\/wp\/v2\/pages\/6192\/revisions\/8305"}],"wp:attachment":[{"href":"https:\/\/www.farnostml.cz\/en\/wp-json\/wp\/v2\/media?parent=6192"}],"curies":[{"name":"wp","href":"https:\/\/api.w.org\/{rel}","templated":true}]}}