{"id":6357,"date":"2020-10-31T14:59:04","date_gmt":"2020-10-31T13:59:04","guid":{"rendered":"https:\/\/www.farnostml.cz\/?page_id=6357"},"modified":"2021-10-30T15:46:45","modified_gmt":"2021-10-30T13:46:45","slug":"hovory","status":"publish","type":"page","link":"https:\/\/www.farnostml.cz\/en\/hovory\/","title":{"rendered":"Faith Talks"},"content":{"rendered":"<p>There is no Faith Talks at present. Scripture encounters are taking place.<\/p>\n\n\n\n<h5 class=\"wp-block-heading\">V\u0161echna setk\u00e1n\u00ed na fa\u0159e<\/h5>\n\n\n<div class=\"em em-view-container\" id=\"em-view-519385624\" data-view=\"list\">\r\n\t<div class=\"em pixelbones em-list em-events-list\" id=\"em-events-list-519385624\" data-view-id=\"519385624\">\r\n\t<div style=\"margin-top: 0px;margin-bottom: 20px;background-color: white\">No events are available.<\/div><!--#more-label{display:none;}-->\t<\/div>\r\n<\/div>","protected":false},"excerpt":{"rendered":"<p>Hovory o v\u00ed\u0159e se s v sou\u010dasn\u00e9 dob\u011b nekonaj\u00ed. Kon\u00e1v\u00e1 se Setk\u00e1n\u00ed s P\u00edsmem svat\u00fdm. V\u0161echna setk\u00e1n\u00ed na fa\u0159e<\/p>","protected":false},"author":1,"featured_media":0,"parent":0,"menu_order":0,"comment_status":"closed","ping_status":"closed","template":"","meta":{"ngg_post_thumbnail":0,"footnotes":""},"class_list":["entry","page","publish","author-honza","post-6357"],"jetpack_sharing_enabled":true,"_links":{"self":[{"href":"https:\/\/www.farnostml.cz\/en\/wp-json\/wp\/v2\/pages\/6357","targetHints":{"allow":["GET"]}}],"collection":[{"href":"https:\/\/www.farnostml.cz\/en\/wp-json\/wp\/v2\/pages"}],"about":[{"href":"https:\/\/www.farnostml.cz\/en\/wp-json\/wp\/v2\/types\/page"}],"author":[{"embeddable":true,"href":"https:\/\/www.farnostml.cz\/en\/wp-json\/wp\/v2\/users\/1"}],"replies":[{"embeddable":true,"href":"https:\/\/www.farnostml.cz\/en\/wp-json\/wp\/v2\/comments?post=6357"}],"version-history":[{"count":9,"href":"https:\/\/www.farnostml.cz\/en\/wp-json\/wp\/v2\/pages\/6357\/revisions"}],"predecessor-version":[{"id":8337,"href":"https:\/\/www.farnostml.cz\/en\/wp-json\/wp\/v2\/pages\/6357\/revisions\/8337"}],"wp:attachment":[{"href":"https:\/\/www.farnostml.cz\/en\/wp-json\/wp\/v2\/media?parent=6357"}],"curies":[{"name":"wp","href":"https:\/\/api.w.org\/{rel}","templated":true}]}}