{"id":6767,"date":"2020-11-22T11:29:05","date_gmt":"2020-11-22T10:29:05","guid":{"rendered":"https:\/\/www.farnostml.cz\/?page_id=6767"},"modified":"2021-04-21T19:09:49","modified_gmt":"2021-04-21T17:09:49","slug":"zive","status":"publish","type":"page","link":"https:\/\/www.farnostml.cz\/en\/udalosti\/zive\/","title":{"rendered":"Broadcasted events"},"content":{"rendered":"<div class=\"wp-block-columns has-3-columns is-layout-flex wp-container-core-columns-is-layout-9d6595d7 wp-block-columns-is-layout-flex\">\n<div class=\"wp-block-column is-layout-flow wp-block-column-is-layout-flow\">\n<p><a href=\"https:\/\/www.farnostml.cz\/en\/udalosti\/\" title=\"Events\">Changes to public events<\/a><\/p>\n<\/div>\n\n\n\n<div class=\"wp-block-column is-layout-flow wp-block-column-is-layout-flow\">\n<p><strong>Broadcasted events<\/strong><\/p>\n<\/div>\n\n\n\n<div class=\"wp-block-column is-layout-flow wp-block-column-is-layout-flow\">\n<p><a href=\"https:\/\/www.farnostml.cz\/en\/udalosti\/vsechny\/\">All Events<\/a><\/p>\n<\/div>\n\n\n\n<div class=\"wp-block-column is-layout-flow wp-block-column-is-layout-flow\">\n<p><a href=\"https:\/\/www.farnostml.cz\/en\/udalosti\/historie\/\">History<\/a><\/p>\n<\/div>\n<\/div>\n\n\n<div class=\"em em-view-container\" id=\"em-view-348722620\" data-view=\"list-grouped\">\r\n\t<div class=\"em pixelbones em-list em-events-list em-events-list-grouped\" id=\"em-events-list-grouped-348722620\">\r\n\t<div style=\"margin-top: 0px;margin-bottom: 20px;background-color: white\">No events are available.<\/div><!--#more-label{display:none;}-->\t<\/div>\r\n<\/div>","protected":false},"excerpt":{"rendered":"<p>Zm\u011bny ve ve\u0159ejn\u00fdch ud\u00e1lostech Vys\u00edlan\u00e9 ud\u00e1losti V\u0161echny ud\u00e1losti Historie<\/p>","protected":false},"author":1,"featured_media":0,"parent":84,"menu_order":0,"comment_status":"closed","ping_status":"closed","template":"","meta":{"ngg_post_thumbnail":0,"footnotes":""},"class_list":["entry","page","publish","author-honza","post-6767"],"jetpack_sharing_enabled":true,"_links":{"self":[{"href":"https:\/\/www.farnostml.cz\/en\/wp-json\/wp\/v2\/pages\/6767","targetHints":{"allow":["GET"]}}],"collection":[{"href":"https:\/\/www.farnostml.cz\/en\/wp-json\/wp\/v2\/pages"}],"about":[{"href":"https:\/\/www.farnostml.cz\/en\/wp-json\/wp\/v2\/types\/page"}],"author":[{"embeddable":true,"href":"https:\/\/www.farnostml.cz\/en\/wp-json\/wp\/v2\/users\/1"}],"replies":[{"embeddable":true,"href":"https:\/\/www.farnostml.cz\/en\/wp-json\/wp\/v2\/comments?post=6767"}],"version-history":[{"count":5,"href":"https:\/\/www.farnostml.cz\/en\/wp-json\/wp\/v2\/pages\/6767\/revisions"}],"predecessor-version":[{"id":7610,"href":"https:\/\/www.farnostml.cz\/en\/wp-json\/wp\/v2\/pages\/6767\/revisions\/7610"}],"up":[{"embeddable":true,"href":"https:\/\/www.farnostml.cz\/en\/wp-json\/wp\/v2\/pages\/84"}],"wp:attachment":[{"href":"https:\/\/www.farnostml.cz\/en\/wp-json\/wp\/v2\/media?parent=6767"}],"curies":[{"name":"wp","href":"https:\/\/api.w.org\/{rel}","templated":true}]}}