{"id":7723,"date":"2021-05-12T13:12:22","date_gmt":"2021-05-12T11:12:22","guid":{"rendered":"https:\/\/www.farnostml.cz\/fotogalerie\/zehnani-pramenu-2021\/"},"modified":"2021-05-12T13:13:19","modified_gmt":"2021-05-12T11:13:19","slug":"zehnani-pramenu-2021","status":"publish","type":"page","link":"https:\/\/www.farnostml.cz\/en\/fotogalerie\/zehnani-pramenu-2021\/","title":{"rendered":"\u017dehn\u00e1n\u00ed pramen\u016f 2021"},"content":{"rendered":"ngg_shortcode_0_placeholder","protected":false},"excerpt":{"rendered":"","protected":false},"author":1,"featured_media":0,"parent":209,"menu_order":0,"comment_status":"closed","ping_status":"closed","template":"","meta":{"ngg_post_thumbnail":0,"footnotes":""},"class_list":["entry","page","publish","author-honza","post-7723"],"jetpack_sharing_enabled":true,"_links":{"self":[{"href":"https:\/\/www.farnostml.cz\/en\/wp-json\/wp\/v2\/pages\/7723","targetHints":{"allow":["GET"]}}],"collection":[{"href":"https:\/\/www.farnostml.cz\/en\/wp-json\/wp\/v2\/pages"}],"about":[{"href":"https:\/\/www.farnostml.cz\/en\/wp-json\/wp\/v2\/types\/page"}],"author":[{"embeddable":true,"href":"https:\/\/www.farnostml.cz\/en\/wp-json\/wp\/v2\/users\/1"}],"replies":[{"embeddable":true,"href":"https:\/\/www.farnostml.cz\/en\/wp-json\/wp\/v2\/comments?post=7723"}],"version-history":[{"count":1,"href":"https:\/\/www.farnostml.cz\/en\/wp-json\/wp\/v2\/pages\/7723\/revisions"}],"predecessor-version":[{"id":7724,"href":"https:\/\/www.farnostml.cz\/en\/wp-json\/wp\/v2\/pages\/7723\/revisions\/7724"}],"up":[{"embeddable":true,"href":"https:\/\/www.farnostml.cz\/en\/wp-json\/wp\/v2\/pages\/209"}],"wp:attachment":[{"href":"https:\/\/www.farnostml.cz\/en\/wp-json\/wp\/v2\/media?parent=7723"}],"curies":[{"name":"wp","href":"https:\/\/api.w.org\/{rel}","templated":true}]}}