{"id":7977,"date":"2021-08-17T16:54:27","date_gmt":"2021-08-17T14:54:27","guid":{"rendered":"https:\/\/www.farnostml.cz\/fotogalerie\/poutni-slavnost-marianske-lazne-2021\/"},"modified":"2021-08-17T16:57:03","modified_gmt":"2021-08-17T14:57:03","slug":"poutni-slavnost-marianske-lazne-2021","status":"publish","type":"page","link":"https:\/\/www.farnostml.cz\/en\/fotogalerie\/poutni-slavnost-marianske-lazne-2021\/","title":{"rendered":"Poutn\u00ed slavnost Mari\u00e1nsk\u00e9 L\u00e1zn\u011b 2021"},"content":{"rendered":"ngg_shortcode_0_placeholder","protected":false},"excerpt":{"rendered":"","protected":false},"author":1,"featured_media":0,"parent":209,"menu_order":0,"comment_status":"closed","ping_status":"closed","template":"","meta":{"ngg_post_thumbnail":0,"footnotes":""},"class_list":["entry","page","publish","author-honza","post-7977"],"jetpack_sharing_enabled":true,"_links":{"self":[{"href":"https:\/\/www.farnostml.cz\/en\/wp-json\/wp\/v2\/pages\/7977","targetHints":{"allow":["GET"]}}],"collection":[{"href":"https:\/\/www.farnostml.cz\/en\/wp-json\/wp\/v2\/pages"}],"about":[{"href":"https:\/\/www.farnostml.cz\/en\/wp-json\/wp\/v2\/types\/page"}],"author":[{"embeddable":true,"href":"https:\/\/www.farnostml.cz\/en\/wp-json\/wp\/v2\/users\/1"}],"replies":[{"embeddable":true,"href":"https:\/\/www.farnostml.cz\/en\/wp-json\/wp\/v2\/comments?post=7977"}],"version-history":[{"count":1,"href":"https:\/\/www.farnostml.cz\/en\/wp-json\/wp\/v2\/pages\/7977\/revisions"}],"predecessor-version":[{"id":7978,"href":"https:\/\/www.farnostml.cz\/en\/wp-json\/wp\/v2\/pages\/7977\/revisions\/7978"}],"up":[{"embeddable":true,"href":"https:\/\/www.farnostml.cz\/en\/wp-json\/wp\/v2\/pages\/209"}],"wp:attachment":[{"href":"https:\/\/www.farnostml.cz\/en\/wp-json\/wp\/v2\/media?parent=7977"}],"curies":[{"name":"wp","href":"https:\/\/api.w.org\/{rel}","templated":true}]}}