{"id":8235,"date":"2021-09-12T22:30:58","date_gmt":"2021-09-12T20:30:58","guid":{"rendered":"https:\/\/www.farnostml.cz\/fotogalerie\/vyroci-posveceni-farniho-kostela-2021\/"},"modified":"2021-09-12T22:33:32","modified_gmt":"2021-09-12T20:33:32","slug":"vyroci-posveceni-farniho-kostela-2021","status":"publish","type":"page","link":"https:\/\/www.farnostml.cz\/en\/fotogalerie\/vyroci-posveceni-farniho-kostela-2021\/","title":{"rendered":"V\u00fdro\u010d\u00ed posv\u011bcen\u00ed farn\u00edho kostela 2021"},"content":{"rendered":"ngg_shortcode_0_placeholder","protected":false},"excerpt":{"rendered":"","protected":false},"author":1,"featured_media":0,"parent":209,"menu_order":0,"comment_status":"closed","ping_status":"closed","template":"","meta":{"ngg_post_thumbnail":0,"footnotes":""},"class_list":["entry","page","publish","author-honza","post-8235"],"jetpack_sharing_enabled":true,"_links":{"self":[{"href":"https:\/\/www.farnostml.cz\/en\/wp-json\/wp\/v2\/pages\/8235","targetHints":{"allow":["GET"]}}],"collection":[{"href":"https:\/\/www.farnostml.cz\/en\/wp-json\/wp\/v2\/pages"}],"about":[{"href":"https:\/\/www.farnostml.cz\/en\/wp-json\/wp\/v2\/types\/page"}],"author":[{"embeddable":true,"href":"https:\/\/www.farnostml.cz\/en\/wp-json\/wp\/v2\/users\/1"}],"replies":[{"embeddable":true,"href":"https:\/\/www.farnostml.cz\/en\/wp-json\/wp\/v2\/comments?post=8235"}],"version-history":[{"count":1,"href":"https:\/\/www.farnostml.cz\/en\/wp-json\/wp\/v2\/pages\/8235\/revisions"}],"predecessor-version":[{"id":8236,"href":"https:\/\/www.farnostml.cz\/en\/wp-json\/wp\/v2\/pages\/8235\/revisions\/8236"}],"up":[{"embeddable":true,"href":"https:\/\/www.farnostml.cz\/en\/wp-json\/wp\/v2\/pages\/209"}],"wp:attachment":[{"href":"https:\/\/www.farnostml.cz\/en\/wp-json\/wp\/v2\/media?parent=8235"}],"curies":[{"name":"wp","href":"https:\/\/api.w.org\/{rel}","templated":true}]}}