{"id":84,"date":"2014-03-21T23:28:18","date_gmt":"2014-03-21T22:28:18","guid":{"rendered":"http:\/\/www.farnostml.cz\/?page_id=84"},"modified":"2024-03-05T00:03:29","modified_gmt":"2024-03-04T23:03:29","slug":"udalosti","status":"publish","type":"page","link":"https:\/\/www.farnostml.cz\/en\/udalosti\/","title":{"rendered":"Events"},"content":{"rendered":"<div class=\"wp-block-columns has-3-columns is-layout-flex wp-container-core-columns-is-layout-9d6595d7 wp-block-columns-is-layout-flex\">\n<div class=\"wp-block-column is-layout-flow wp-block-column-is-layout-flow\">\n<p><strong>Changes to public events<\/strong><\/p>\n<\/div>\n\n\n\n<div class=\"wp-block-column is-layout-flow wp-block-column-is-layout-flow\">\n<p><a href=\"https:\/\/www.farnostml.cz\/en\/udalosti\/zive\/\" title=\"Broadcasted events\">Broadcasted events<\/a><\/p>\n<\/div>\n\n\n\n<div class=\"wp-block-column is-layout-flow wp-block-column-is-layout-flow\">\n<p><a href=\"https:\/\/www.farnostml.cz\/en\/udalosti\/vsechny\/\">All Events<\/a><\/p>\n<\/div>\n\n\n\n<div class=\"wp-block-column is-layout-flow wp-block-column-is-layout-flow\">\n<p><a href=\"https:\/\/www.farnostml.cz\/en\/udalosti\/historie\/\">History<\/a><\/p>\n<\/div>\n<\/div>\n\n\n<div class=\"em em-view-container\" id=\"em-view-420260510\" data-view=\"list-grouped\">\r\n\t<div class=\"em pixelbones em-list em-events-list em-events-list-grouped\" id=\"em-events-list-grouped-420260510\">\r\n\t<h2 class=\"next-month\">April 2026<\/h2><div class=\"em-event em-item\" style=\"--default-border:#074b7c\">\r\n\t<div class=\"em-item-image\">\r\n\t\t\r\n\t<\/div>\r\n\t<div class=\"em-item-info\">\r\n\t\t<div class=\"em-item-title-row\">\r\n\t\t<h4 class=\"em-item-title\"><a href=\"https:\/\/www.farnostml.cz\/en\/udalosti\/prsten-moci-a-kriz\/\">The Ring of Power and the Cross<\/a><\/h4>\r\n\t\t\t\r\n\t\t\t\r\n\t\t<\/div>\r\n\t\t\r\n\t\t<div class=\"em-event-meta em-item-meta\">\r\n\t\t\t<div class=\"em-item-meta-line em-event-date em-event-meta-datetime\">\r\n\t\t\t\t<span class=\"em-icon-calendar em-icon tooltip\"><span class=\"tooltiptext\">Date<\/span><\/span>\r\n\t\t\t\tMonday 20. 04.\u00a0\u00a0\u00a0\u00a0\r\n\t\t\t<\/div>\r\n\t\t\t\r\n\t\t\t\r\n\t\t\t<div class=\"em-item-meta-line em-event-time em-event-meta-datetime\">\r\n\t\t\t\t<span class=\"em-icon-clock em-icon tooltip\"><span class=\"tooltiptext\">Time<\/span><\/span>\r\n\t\t\t\t18:00\r\n\t\t\t<\/div>\r\n\t\t\t\r\n\t\t\t\r\n\t\t\t\r\n\t\t\t<div class=\"em-item-meta-line em-event-location\">\r\n\t\t\t\t<span class=\"em-icon-location em-icon tooltip\"><span class=\"tooltiptext\">Location<\/span><\/span>\r\n\t\t\t\t<a href=\"https:\/\/www.farnostml.cz\/en\/mista\/obecni-knihovna-velka-hledsebe\/\">Municipal library, Velk\u00e1 Hle\u010fsebe<\/a>\r\n\t\t\t<\/div>\r\n\t\t\t\r\n\t\t\t\r\n\t\t\t\r\n\t\t\t<div class=\"em-item-meta-line em-item-taxonomy em-event-categories\">\r\n\t\t\t\t<span class=\"em-icon-category em-icon tooltip\"><span class=\"tooltiptext\">Categories<\/span><\/span>\r\n\t\t\t\t<div>\t<ul class=\"event-categories\">\r\n\t\t\t\t\t<li><a href=\"https:\/\/www.farnostml.cz\/en\/udalosti\/kategorie\/prednaska\/\">Lecture<\/a><\/li>\r\n\t\t\t<\/ul>\r\n\t<\/div>\r\n\t\t\t<\/div>\r\n\t\t\t\r\n\t\t\t\r\n\t\t\t\r\n\t\t<\/div>\r\n\t\t<div class=\"em-item-desc\">\r\n\t\t\tThe Theological Significance of The Lord of the Rings. Lecturer: ICLic. Mgr. \u0158eho\u0159 Pavel Urban, OPraem\r\n\t\t<\/div>\r\n\t\t<div class=\"em-item-actions input\">\r\n\t\t\t<a class=\"em-item-read-more button\" href=\"https:\/\/www.farnostml.cz\/en\/udalosti\/prsten-moci-a-kriz\/\">More info<\/a>\r\n\t\t\t\r\n\t\t<\/div>\r\n\t<\/div>\r\n<\/div><div class=\"em-event em-item\" style=\"--default-border:#074b7c\">\r\n\t<div class=\"em-item-image\">\r\n\t\t\r\n\t<\/div>\r\n\t<div class=\"em-item-info\">\r\n\t\t<div class=\"em-item-title-row\">\r\n\t\t<h4 class=\"em-item-title\"><a href=\"https:\/\/www.farnostml.cz\/en\/udalosti\/hovory-o-vire-11\/\">Faith Talks<\/a><\/h4>\r\n\t\t\t\r\n\t\t\t\r\n\t\t<\/div>\r\n\t\t\r\n\t\t<div class=\"em-event-meta em-item-meta\">\r\n\t\t\t<div class=\"em-item-meta-line em-event-date em-event-meta-datetime\">\r\n\t\t\t\t<span class=\"em-icon-calendar em-icon tooltip\"><span class=\"tooltiptext\">Date<\/span><\/span>\r\n\t\t\t\tTuesday 21. 04.\u00a0\u00a0\u00a0\u00a0\r\n\t\t\t<\/div>\r\n\t\t\t\r\n\t\t\t\r\n\t\t\t<div class=\"em-item-meta-line em-event-time em-event-meta-datetime\">\r\n\t\t\t\t<span class=\"em-icon-clock em-icon tooltip\"><span class=\"tooltiptext\">Time<\/span><\/span>\r\n\t\t\t\t17:30\r\n\t\t\t<\/div>\r\n\t\t\t\r\n\t\t\t\r\n\t\t\t\r\n\t\t\t<div class=\"em-item-meta-line em-event-location\">\r\n\t\t\t\t<span class=\"em-icon-location em-icon tooltip\"><span class=\"tooltiptext\">Location<\/span><\/span>\r\n\t\t\t\t<a href=\"https:\/\/www.farnostml.cz\/en\/mista\/fara\/\">Parish office (Rectory), Mari\u00e1nsk\u00e9 L\u00e1zn\u011b<\/a>\r\n\t\t\t<\/div>\r\n\t\t\t\r\n\t\t\t\r\n\t\t\t\r\n\t\t\t<div class=\"em-item-meta-line em-item-taxonomy em-event-categories\">\r\n\t\t\t\t<span class=\"em-icon-category em-icon tooltip\"><span class=\"tooltiptext\">Categories<\/span><\/span>\r\n\t\t\t\t<div>\t<ul class=\"event-categories\">\r\n\t\t\t\t\t<li><a href=\"https:\/\/www.farnostml.cz\/en\/udalosti\/kategorie\/setkani-na-fare\/\">Meeting at the parish office<\/a><\/li>\r\n\t\t\t<\/ul>\r\n\t<\/div>\r\n\t\t\t<\/div>\r\n\t\t\t\r\n\t\t\t\r\n\t\t\t\r\n\t\t<\/div>\r\n\t\t<div class=\"em-item-desc\">\r\n\t\t\t\r\n\t\t<\/div>\r\n\t\t<div class=\"em-item-actions input\">\r\n\t\t\t<a class=\"em-item-read-more button\" href=\"https:\/\/www.farnostml.cz\/en\/udalosti\/hovory-o-vire-11\/\">More info<\/a>\r\n\t\t\t\r\n\t\t<\/div>\r\n\t<\/div>\r\n<\/div><h2 class=\"next-month\">May 2026<\/h2><div class=\"em-event em-item\" style=\"--default-border:#074b7c\">\r\n\t<div class=\"em-item-image\">\r\n\t\t\r\n\t<\/div>\r\n\t<div class=\"em-item-info\">\r\n\t\t<div class=\"em-item-title-row\">\r\n\t\t<h4 class=\"em-item-title\"><a href=\"https:\/\/www.farnostml.cz\/en\/udalosti\/akatist-2025-12-06-2026-01-03-2026-02-07-2026-03-07-2026-04-04-2026-05-02\/\">Moleben to Our Lady<\/a><\/h4>\r\n\t\t\t\r\n\t\t\t\r\n\t\t\t<img decoding=\"async\" class=\"em-change-icon\" src=\"\/wp-content\/uploads\/2024\/03\/Odrazka-zmeny.svg\" alt=\"Symbol zm\u011bny v pravideln\u00e9m programu\" \/>\r\n\t\t\t\r\n\t\t<\/div>\r\n\t\t\r\n\t\t<div class=\"em-event-meta em-item-meta\">\r\n\t\t\t<div class=\"em-item-meta-line em-event-date em-event-meta-datetime\">\r\n\t\t\t\t<span class=\"em-icon-calendar em-icon tooltip\"><span class=\"tooltiptext\">Date<\/span><\/span>\r\n\t\t\t\tSaturday 02. 05.\u00a0\u00a0\u00a0\u00a0\r\n\t\t\t<\/div>\r\n\t\t\t\r\n\t\t\t\r\n\t\t\t<div class=\"em-item-meta-line em-event-time em-event-meta-datetime\">\r\n\t\t\t\t<span class=\"em-icon-clock em-icon tooltip\"><span class=\"tooltiptext\">Time<\/span><\/span>\r\n\t\t\t\t18:00\r\n\t\t\t<\/div>\r\n\t\t\t\r\n\t\t\t\r\n\t\t\t\r\n\t\t\t<div class=\"em-item-meta-line em-event-location\">\r\n\t\t\t\t<span class=\"em-icon-location em-icon tooltip\"><span class=\"tooltiptext\">Location<\/span><\/span>\r\n\t\t\t\t<a href=\"https:\/\/www.farnostml.cz\/en\/mista\/kaple-svateho-sarbela-blahoslaveneho-hroznaty-a-karla\/\">Saint Sharbel, Blessed Hroznata and Charles\u2019 Chapel, Mari\u00e1nsk\u00e9 L\u00e1zn\u011b<\/a>\r\n\t\t\t<\/div>\r\n\t\t\t\r\n\t\t\t\r\n\t\t\t\r\n\t\t\t<div class=\"em-item-meta-line em-item-taxonomy em-event-categories\">\r\n\t\t\t\t<span class=\"em-icon-category em-icon tooltip\"><span class=\"tooltiptext\">Categories<\/span><\/span>\r\n\t\t\t\t<div>\t<ul class=\"event-categories\">\r\n\t\t\t\t\t<li><a href=\"https:\/\/www.farnostml.cz\/en\/udalosti\/kategorie\/modlitba\/\">Prayer<\/a><\/li>\r\n\t\t\t\t\t<li><a href=\"https:\/\/www.farnostml.cz\/en\/udalosti\/kategorie\/vychodni-bohosluzba\/\">Byzantine service<\/a><\/li>\r\n\t\t\t<\/ul>\r\n\t<\/div>\r\n\t\t\t<\/div>\r\n\t\t\t\r\n\t\t\t\r\n\t\t\t<div class=\"em-item-meta-line em-item-taxonomy em-event-tags\">\r\n\t\t\t\t<span class=\"em-icon-tag em-icon tooltip\"><span class=\"tooltiptext\">Tags<\/span><\/span>\r\n\t\t\t\t<div><a href=\"https:\/\/www.farnostml.cz\/en\/udalosti\/stitky\/zmena\/\">change<\/a><\/div>\r\n\t\t\t<\/div>\r\n\t\t\t\r\n\t\t\t\r\n\t\t<\/div>\r\n\t\t<div class=\"em-item-desc\">\r\n\t\t\t\r\n\t\t<\/div>\r\n\t\t<div class=\"em-item-actions input\">\r\n\t\t\t<a class=\"em-item-read-more button\" href=\"https:\/\/www.farnostml.cz\/en\/udalosti\/akatist-2025-12-06-2026-01-03-2026-02-07-2026-03-07-2026-04-04-2026-05-02\/\">More info<\/a>\r\n\t\t\t\r\n\t\t<\/div>\r\n\t<\/div>\r\n<\/div><div class=\"em-event em-item\" style=\"--default-border:#074b7c\">\r\n\t<div class=\"em-item-image\">\r\n\t\t\r\n\t<\/div>\r\n\t<div class=\"em-item-info\">\r\n\t\t<div class=\"em-item-title-row\">\r\n\t\t<h4 class=\"em-item-title\"><a href=\"https:\/\/www.farnostml.cz\/en\/udalosti\/majova-poboznost-25\/\">May devotion<\/a><\/h4>\r\n\t\t\t\r\n\t\t\t\r\n\t\t<\/div>\r\n\t\t\r\n\t\t<div class=\"em-event-meta em-item-meta\">\r\n\t\t\t<div class=\"em-item-meta-line em-event-date em-event-meta-datetime\">\r\n\t\t\t\t<span class=\"em-icon-calendar em-icon tooltip\"><span class=\"tooltiptext\">Date<\/span><\/span>\r\n\t\t\t\tSunday 03. 05.\u00a0\u00a0\u00a0\u00a0\r\n\t\t\t<\/div>\r\n\t\t\t\r\n\t\t\t\r\n\t\t\t<div class=\"em-item-meta-line em-event-time em-event-meta-datetime\">\r\n\t\t\t\t<span class=\"em-icon-clock em-icon tooltip\"><span class=\"tooltiptext\">Time<\/span><\/span>\r\n\t\t\t\t16:30\r\n\t\t\t<\/div>\r\n\t\t\t\r\n\t\t\t\r\n\t\t\t\r\n\t\t\t<div class=\"em-item-meta-line em-event-location\">\r\n\t\t\t\t<span class=\"em-icon-location em-icon tooltip\"><span class=\"tooltiptext\">Location<\/span><\/span>\r\n\t\t\t\t<a href=\"https:\/\/www.farnostml.cz\/en\/mista\/kaple-panny-marie-bolestne\/\">Chapel of Our Lady of Sorrows, Mari\u00e1nsk\u00e9 L\u00e1zn\u011b<\/a>\r\n\t\t\t<\/div>\r\n\t\t\t\r\n\t\t\t\r\n\t\t\t\r\n\t\t\t<div class=\"em-item-meta-line em-item-taxonomy em-event-categories\">\r\n\t\t\t\t<span class=\"em-icon-category em-icon tooltip\"><span class=\"tooltiptext\">Categories<\/span><\/span>\r\n\t\t\t\t<div>\t<ul class=\"event-categories\">\r\n\t\t\t\t\t<li><a href=\"https:\/\/www.farnostml.cz\/en\/udalosti\/kategorie\/poboznost\/\">Devotion<\/a><\/li>\r\n\t\t\t<\/ul>\r\n\t<\/div>\r\n\t\t\t<\/div>\r\n\t\t\t\r\n\t\t\t\r\n\t\t\t\r\n\t\t<\/div>\r\n\t\t<div class=\"em-item-desc\">\r\n\t\t\t\r\n\t\t<\/div>\r\n\t\t<div class=\"em-item-actions input\">\r\n\t\t\t<a class=\"em-item-read-more button\" href=\"https:\/\/www.farnostml.cz\/en\/udalosti\/majova-poboznost-25\/\">More info<\/a>\r\n\t\t\t\r\n\t\t<\/div>\r\n\t<\/div>\r\n<\/div>\t<\/div>\r\n<\/div>","protected":false},"excerpt":{"rendered":"<p>Zm\u011bny ve ve\u0159ejn\u00fdch ud\u00e1lostech Vys\u00edlan\u00e9 ud\u00e1losti V\u0161echny ud\u00e1losti Historie<\/p>","protected":false},"author":1,"featured_media":0,"parent":0,"menu_order":0,"comment_status":"closed","ping_status":"open","template":"","meta":{"ngg_post_thumbnail":0,"footnotes":""},"class_list":["entry","page","publish","author-honza","post-84"],"jetpack_sharing_enabled":true,"_links":{"self":[{"href":"https:\/\/www.farnostml.cz\/en\/wp-json\/wp\/v2\/pages\/84","targetHints":{"allow":["GET"]}}],"collection":[{"href":"https:\/\/www.farnostml.cz\/en\/wp-json\/wp\/v2\/pages"}],"about":[{"href":"https:\/\/www.farnostml.cz\/en\/wp-json\/wp\/v2\/types\/page"}],"author":[{"embeddable":true,"href":"https:\/\/www.farnostml.cz\/en\/wp-json\/wp\/v2\/users\/1"}],"replies":[{"embeddable":true,"href":"https:\/\/www.farnostml.cz\/en\/wp-json\/wp\/v2\/comments?post=84"}],"version-history":[{"count":12,"href":"https:\/\/www.farnostml.cz\/en\/wp-json\/wp\/v2\/pages\/84\/revisions"}],"predecessor-version":[{"id":11876,"href":"https:\/\/www.farnostml.cz\/en\/wp-json\/wp\/v2\/pages\/84\/revisions\/11876"}],"wp:attachment":[{"href":"https:\/\/www.farnostml.cz\/en\/wp-json\/wp\/v2\/media?parent=84"}],"curies":[{"name":"wp","href":"https:\/\/api.w.org\/{rel}","templated":true}]}}