{"id":94,"date":"2014-03-22T11:15:35","date_gmt":"2014-03-22T09:45:35","guid":{"rendered":"http:\/\/www.farnostml.cz\/?page_id=94"},"modified":"2020-05-10T15:57:54","modified_gmt":"2020-05-10T14:27:54","slug":"farni-kostel","status":"publish","type":"page","link":"https:\/\/www.farnostml.cz\/en\/bohosluzby\/farni-kostel\/","title":{"rendered":"Assumption of the Blessed Virgin Mary Church"},"content":{"rendered":"<meta http-equiv=\"refresh\" content=\"0;url=\/mista\/farni-kostel\/\">\n\n\n<div class=\"su-gmap su-u-responsive-media-yes\"><iframe loading=\"lazy\" width=\"600\" height=\"400\" src=\"\/\/maps.google.com\/maps?q=Kostel%20Nanebevzet%C3%AD%20Panny%20Marie%2C%20Mari%C3%A1nsk%C3%A9%20L%C3%A1zn%C4%9B&amp;output=embed\" title=\"\"><\/iframe><\/div>\n\n\n\n<h2 class=\"wp-block-heading\">M\u0161e svat\u00e9<\/h2>\n\n\n\n<div class=\"ram\" style=\"font-weight:bold;\">\nBohoslu\u017eby se nyn\u00ed slou\u017e\u00ed podle zvl\u00e1\u0161tn\u00edho po\u0159\u00e1dku.<\/div><!--\n<div id=\"ram\">\n<b>Od pond\u011bl\u00ed 1. 4. 2019 za\u010d\u00ednaj\u00ed natrvalo v\u0161echny ve\u010dern\u00ed m\u0161e svat\u00e9 ve farn\u00edm kostele Nanebevzet\u00ed Panny Marie v 17:30.<\/b><\/div>\n<div id=\"ram\">\n<b>V obdob\u00ed od 24. prosince do 1. ledna neplat\u00ed pravideln\u00fd po\u0159ad bohoslu\u017eeb. Kompletn\u00ed p\u0159ehled naleznete <a href=\"\/vanocni-bohosluzby-2018\/\">zde<\/a>.<\/b><\/div>\n<div id=\"ram\">Od \u010dtvrtka 4. 10. 2018 do odvol\u00e1n\u00ed (p\u0159ibli\u017en\u011b leden 2019) za\u010d\u00ednaj\u00ed v\u0161echny \u010dtvrte\u010dn\u00ed m\u0161e svat\u00e9 ve farn\u00edm kostele Nanebevzet\u00ed Panny Marie a\u017e ve\u010der v 17:00.<\/div>\n-->\n\n\n<div class=\"su-table su-table-alternate\">\n\n\n\n<table>\n<tbody>\n<tr>\n<th style=\"text-align: left !important;width: 150px;padding: 10px !important;padding-left: 20px !important;font-size: 14pt !important\">Sunday<\/th>\n<td style=\"text-align: center;font-size: 14pt\">10:15<\/td>\n<td style=\"text-align: center;font-size: 14pt\"><\/td>\n<\/tr>\n<tr>\n<th style=\"text-align: left !important;width: 150px;padding: 10px !important;padding-left: 20px !important\">Tuesday<\/th>\n<td style=\"text-align: center\">10:00<\/td>\n<td style=\"text-align: center\"><\/td>\n<\/tr>\n<tr>\n<th style=\"text-align: left !important;width: 150px;padding: 10px !important;padding-left: 20px !important\">Thursday<\/th>\n<td style=\"text-align: center\">10:00<\/td>\n<td style=\"text-align: center\"><\/td>\n<\/tr>\n<tr>\n<th style=\"text-align: left !important;width: 150px;padding: 10px !important;padding-left: 20px !important\">Friday<\/th>\n<td style=\"text-align: center\"><\/td>\n<td style=\"text-align: center\">17:30<\/td>\n<\/tr>\n<\/tbody>\n<\/table>\n\n\n<\/div>\n\n\n\n<h2 class=\"wp-block-heading\">Otev\u00edrac\u00ed doba pro turisty<\/h2>\n\n\n<div id=\"open\" class=\"su-table\">\n    <table>\n        <tbody>\n            <tr>\n                <th style=\"text-align: left !important; width: 150px; padding: 10px !important; padding-left: 20px !important;\"><span>Monday<\/span>-<span>Friday<\/span><\/th><td style=\"text-align: center;\" colspan=\"6\">closed<\/td>\n            <\/tr>\n            <tr class=\"su-even\">\n                <th style=\"text-align: left !important; width: 150px; padding: 10px !important; padding-left: 20px !important;\"><span>Saturday<\/span>-<span>Sunday<\/span><\/th>\n                <td style=\"text-align: center;\" colspan=\"6\">14:30-16:30<\/td>\n            <\/tr>\n        <\/tbody>\n    <\/table>\n<\/div>\n<p>On days when evening mass is held, the church can be visited until 17:00.<\/p>\n<p>There is no charge to enter the church.<\/p>\n<p>The church is also open at least 45 minutes before each Mass. You can find a list of these at <a href=\"\/en\/mista\/farni-kostel\/\">parish church page<\/a>. On Wednesdays, it is usually open from 16:00 (not guaranteed).<\/p>\n\n\n\n\n<p>Do kostela se neplat\u00ed vstupn\u00e9.<\/p>","protected":false},"excerpt":{"rendered":"<p>M\u0161e svat\u00e9 Bohoslu\u017eby se nyn\u00ed slou\u017e\u00ed podle zvl\u00e1\u0161tn\u00edho po\u0159\u00e1dku. Otev\u00edrac\u00ed doba pro turisty Do kostela se neplat\u00ed vstupn\u00e9.<\/p>","protected":false},"author":1,"featured_media":0,"parent":57,"menu_order":-1,"comment_status":"closed","ping_status":"closed","template":"","meta":{"ngg_post_thumbnail":0,"footnotes":""},"class_list":["entry","page","publish","author-honza","post-94"],"jetpack_sharing_enabled":true,"_links":{"self":[{"href":"https:\/\/www.farnostml.cz\/en\/wp-json\/wp\/v2\/pages\/94","targetHints":{"allow":["GET"]}}],"collection":[{"href":"https:\/\/www.farnostml.cz\/en\/wp-json\/wp\/v2\/pages"}],"about":[{"href":"https:\/\/www.farnostml.cz\/en\/wp-json\/wp\/v2\/types\/page"}],"author":[{"embeddable":true,"href":"https:\/\/www.farnostml.cz\/en\/wp-json\/wp\/v2\/users\/1"}],"replies":[{"embeddable":true,"href":"https:\/\/www.farnostml.cz\/en\/wp-json\/wp\/v2\/comments?post=94"}],"version-history":[{"count":51,"href":"https:\/\/www.farnostml.cz\/en\/wp-json\/wp\/v2\/pages\/94\/revisions"}],"predecessor-version":[{"id":5841,"href":"https:\/\/www.farnostml.cz\/en\/wp-json\/wp\/v2\/pages\/94\/revisions\/5841"}],"up":[{"embeddable":true,"href":"https:\/\/www.farnostml.cz\/en\/wp-json\/wp\/v2\/pages\/57"}],"wp:attachment":[{"href":"https:\/\/www.farnostml.cz\/en\/wp-json\/wp\/v2\/media?parent=94"}],"curies":[{"name":"wp","href":"https:\/\/api.w.org\/{rel}","templated":true}]}}