{"id":9494,"date":"2022-06-13T22:54:09","date_gmt":"2022-06-13T20:54:09","guid":{"rendered":"https:\/\/www.farnostml.cz\/fotogalerie\/poutni-slavnost-usovice-2020\/"},"modified":"2022-06-13T23:09:18","modified_gmt":"2022-06-13T21:09:18","slug":"poutni-slavnost-usovice-2020","status":"publish","type":"page","link":"https:\/\/www.farnostml.cz\/en\/fotogalerie\/poutni-slavnost-usovice-2020\/","title":{"rendered":"Poutn\u00ed slavnost \u00da\u0161ovice 2020"},"content":{"rendered":"ngg_shortcode_0_placeholder","protected":false},"excerpt":{"rendered":"","protected":false},"author":1,"featured_media":0,"parent":209,"menu_order":0,"comment_status":"closed","ping_status":"closed","template":"","meta":{"ngg_post_thumbnail":0,"footnotes":""},"class_list":["entry","page","publish","author-honza","post-9494"],"jetpack_sharing_enabled":true,"_links":{"self":[{"href":"https:\/\/www.farnostml.cz\/en\/wp-json\/wp\/v2\/pages\/9494","targetHints":{"allow":["GET"]}}],"collection":[{"href":"https:\/\/www.farnostml.cz\/en\/wp-json\/wp\/v2\/pages"}],"about":[{"href":"https:\/\/www.farnostml.cz\/en\/wp-json\/wp\/v2\/types\/page"}],"author":[{"embeddable":true,"href":"https:\/\/www.farnostml.cz\/en\/wp-json\/wp\/v2\/users\/1"}],"replies":[{"embeddable":true,"href":"https:\/\/www.farnostml.cz\/en\/wp-json\/wp\/v2\/comments?post=9494"}],"version-history":[{"count":1,"href":"https:\/\/www.farnostml.cz\/en\/wp-json\/wp\/v2\/pages\/9494\/revisions"}],"predecessor-version":[{"id":9542,"href":"https:\/\/www.farnostml.cz\/en\/wp-json\/wp\/v2\/pages\/9494\/revisions\/9542"}],"up":[{"embeddable":true,"href":"https:\/\/www.farnostml.cz\/en\/wp-json\/wp\/v2\/pages\/209"}],"wp:attachment":[{"href":"https:\/\/www.farnostml.cz\/en\/wp-json\/wp\/v2\/media?parent=9494"}],"curies":[{"name":"wp","href":"https:\/\/api.w.org\/{rel}","templated":true}]}}