{"id":9654,"date":"2022-07-16T00:20:56","date_gmt":"2022-07-15T22:20:56","guid":{"rendered":"https:\/\/www.farnostml.cz\/fotogalerie\/zadusni-mse-svata-a-posledni-rozlouceni-s-p-ludolfem-josefem-kazdou\/"},"modified":"2022-07-16T00:22:13","modified_gmt":"2022-07-15T22:22:13","slug":"p-ludolf","status":"publish","type":"page","link":"https:\/\/www.farnostml.cz\/en\/fotogalerie\/p-ludolf\/","title":{"rendered":"Z\u00e1du\u0161n\u00ed m\u0161e svat\u00e1 a posledn\u00ed rozlou\u010den\u00ed s P. Ludolfem Josefem Kazdou"},"content":{"rendered":"ngg_shortcode_0_placeholder","protected":false},"excerpt":{"rendered":"","protected":false},"author":1,"featured_media":0,"parent":209,"menu_order":0,"comment_status":"closed","ping_status":"closed","template":"","meta":{"ngg_post_thumbnail":0,"footnotes":""},"class_list":["entry","page","publish","author-honza","post-9654"],"jetpack_sharing_enabled":true,"_links":{"self":[{"href":"https:\/\/www.farnostml.cz\/en\/wp-json\/wp\/v2\/pages\/9654","targetHints":{"allow":["GET"]}}],"collection":[{"href":"https:\/\/www.farnostml.cz\/en\/wp-json\/wp\/v2\/pages"}],"about":[{"href":"https:\/\/www.farnostml.cz\/en\/wp-json\/wp\/v2\/types\/page"}],"author":[{"embeddable":true,"href":"https:\/\/www.farnostml.cz\/en\/wp-json\/wp\/v2\/users\/1"}],"replies":[{"embeddable":true,"href":"https:\/\/www.farnostml.cz\/en\/wp-json\/wp\/v2\/comments?post=9654"}],"version-history":[{"count":1,"href":"https:\/\/www.farnostml.cz\/en\/wp-json\/wp\/v2\/pages\/9654\/revisions"}],"predecessor-version":[{"id":9655,"href":"https:\/\/www.farnostml.cz\/en\/wp-json\/wp\/v2\/pages\/9654\/revisions\/9655"}],"up":[{"embeddable":true,"href":"https:\/\/www.farnostml.cz\/en\/wp-json\/wp\/v2\/pages\/209"}],"wp:attachment":[{"href":"https:\/\/www.farnostml.cz\/en\/wp-json\/wp\/v2\/media?parent=9654"}],"curies":[{"name":"wp","href":"https:\/\/api.w.org\/{rel}","templated":true}]}}