{"id":97,"date":"2014-03-22T11:24:00","date_gmt":"2014-03-22T09:54:00","guid":{"rendered":"http:\/\/www.farnostml.cz\/?page_id=97"},"modified":"2019-06-30T12:50:34","modified_gmt":"2019-06-30T11:20:34","slug":"usovice","status":"publish","type":"page","link":"https:\/\/www.farnostml.cz\/en\/bohosluzby\/usovice\/","title":{"rendered":"Saint Anthony\u2019s Church"},"content":{"rendered":"<div class=\"su-gmap su-u-responsive-media-yes\"><iframe loading=\"lazy\" width=\"600\" height=\"400\" src=\"\/\/maps.google.com\/maps?q=Kostel%20svat%C3%A9ho%20Anton%C3%ADna%2C%20Mari%C3%A1nsk%C3%A9%20L%C3%A1zn%C4%9B&amp;output=embed\" title=\"\"><\/iframe><\/div>\n\n\n\n<h2 class=\"wp-block-heading\">Regular Masses<\/h2>\n\n\n<div class=\"su-table su-table-alternate\">\n\n\n\n<table>\n<tbody>\n<tr>\n<th style=\"text-align: left !important;width: 150px;padding: 10px !important;padding-left: 20px !important;font-size: 14pt !important\">Sunday<\/th>\n<td style=\"text-align: center;font-size: 14pt\">8:30<\/td>\n<\/tr>\n<\/tbody>\n<\/table>\n\n\n<\/div>\n\n\n\n<h2 class=\"wp-block-heading\">Upcoming events<\/h2>\n\n\n<div class=\"em em-view-container\" id=\"em-view-294064852\" data-view=\"list\">\r\n\t<div class=\"em pixelbones em-list em-events-list\" id=\"em-events-list-294064852\" data-view-id=\"294064852\">\r\n\t<div class=\"em-event em-item\" style=\"--default-border:#7fccf2\">\r\n\t<div class=\"em-item-image\">\r\n\t\t\r\n\t<\/div>\r\n\t<div class=\"em-item-info\">\r\n\t\t<div class=\"em-item-title-row\">\r\n\t\t<h4 class=\"em-item-title\"><a href=\"https:\/\/www.farnostml.cz\/en\/udalosti\/mse-svata-146-2025-11-30-2025-12-07-2025-12-14-2025-12-21-2025-12-28-2026-01-04-2026-01-11-2026-01-18-2026-01-25-2026-02-01-2026-02-08-2026-02-15-2026-02-22-2026-03-01-2026-03-08-2026-03-12-2026-04-19\/\">Holy Mass<\/a><\/h4>\r\n\t\t\t\r\n\t\t\t\r\n\t\t<\/div>\r\n\t\t\r\n\t\t<div class=\"em-event-meta em-item-meta\">\r\n\t\t\t<div class=\"em-item-meta-line em-event-date em-event-meta-datetime\">\r\n\t\t\t\t<span class=\"em-icon-calendar em-icon tooltip\"><span class=\"tooltiptext\">Date<\/span><\/span>\r\n\t\t\t\tSunday 19. 04.\u00a0\u00a0\u00a0\u00a0\r\n\t\t\t<\/div>\r\n\t\t\t\r\n\t\t\t\r\n\t\t\t<div class=\"em-item-meta-line em-event-time em-event-meta-datetime\">\r\n\t\t\t\t<span class=\"em-icon-clock em-icon tooltip\"><span class=\"tooltiptext\">Time<\/span><\/span>\r\n\t\t\t\t08:30\r\n\t\t\t<\/div>\r\n\t\t\t\r\n\t\t\t\r\n\t\t\t\r\n\t\t\t<div class=\"em-item-meta-line em-event-location\">\r\n\t\t\t\t<span class=\"em-icon-location em-icon tooltip\"><span class=\"tooltiptext\">Location<\/span><\/span>\r\n\t\t\t\t<a href=\"https:\/\/www.farnostml.cz\/en\/mista\/kostel-svateho-antonina\/\">Saint Anthony\u2019s Church, Mari\u00e1nsk\u00e9 L\u00e1zn\u011b<\/a>\r\n\t\t\t<\/div>\r\n\t\t\t\r\n\t\t\t\r\n\t\t\t\r\n\t\t\t<div class=\"em-item-meta-line em-item-taxonomy em-event-categories\">\r\n\t\t\t\t<span class=\"em-icon-category em-icon tooltip\"><span class=\"tooltiptext\">Categories<\/span><\/span>\r\n\t\t\t\t<div>\t<ul class=\"event-categories\">\r\n\t\t\t\t\t<li><a href=\"https:\/\/www.farnostml.cz\/en\/udalosti\/kategorie\/mse-svata\/\">Holy Mass<\/a><\/li>\r\n\t\t\t<\/ul>\r\n\t<\/div>\r\n\t\t\t<\/div>\r\n\t\t\t\r\n\t\t\t\r\n\t\t\t<div class=\"em-item-meta-line em-item-taxonomy em-event-tags\">\r\n\t\t\t\t<span class=\"em-icon-tag em-icon tooltip\"><span class=\"tooltiptext\">Tags<\/span><\/span>\r\n\t\t\t\t<div><a href=\"https:\/\/www.farnostml.cz\/en\/udalosti\/stitky\/pravidelne\/\">regular<\/a><\/div>\r\n\t\t\t<\/div>\r\n\t\t\t\r\n\t\t\t\r\n\t\t\t<div class=\"em-item-meta-line em-item-taxonomy em-event-tags\">\r\n\t\t\t\t<span class=\"em-icon tooltip\">C<span class=\"tooltiptext\">Celebrated by<\/span><\/span>\r\n\t\t\t\t<div>P. \u0158eho\u0159 Pavel Urban (Father Gregorius)<\/div>\r\n\t\t\t<\/div>\r\n\t\t\t\r\n\t\t<\/div>\r\n\t\t<div class=\"em-item-desc\">\r\n\t\t\t\r\n\t\t<\/div>\r\n\t\t<div class=\"em-item-actions input\">\r\n\t\t\t<a class=\"em-item-read-more button\" href=\"https:\/\/www.farnostml.cz\/en\/udalosti\/mse-svata-146-2025-11-30-2025-12-07-2025-12-14-2025-12-21-2025-12-28-2026-01-04-2026-01-11-2026-01-18-2026-01-25-2026-02-01-2026-02-08-2026-02-15-2026-02-22-2026-03-01-2026-03-08-2026-03-12-2026-04-19\/\">More info<\/a>\r\n\t\t\t\r\n\t\t<\/div>\r\n\t<\/div>\r\n<\/div><div class=\"em-event em-item\" style=\"--default-border:#7fccf2\">\r\n\t<div class=\"em-item-image\">\r\n\t\t\r\n\t<\/div>\r\n\t<div class=\"em-item-info\">\r\n\t\t<div class=\"em-item-title-row\">\r\n\t\t<h4 class=\"em-item-title\"><a href=\"https:\/\/www.farnostml.cz\/en\/udalosti\/mse-svata-146-2025-11-30-2025-12-07-2025-12-14-2025-12-21-2025-12-28-2026-01-04-2026-01-11-2026-01-18-2026-01-25-2026-02-01-2026-02-08-2026-02-15-2026-02-22-2026-03-01-2026-03-08-2026-03-19-2026-04-26\/\">Holy Mass<\/a><\/h4>\r\n\t\t\t\r\n\t\t\t\r\n\t\t<\/div>\r\n\t\t\r\n\t\t<div class=\"em-event-meta em-item-meta\">\r\n\t\t\t<div class=\"em-item-meta-line em-event-date em-event-meta-datetime\">\r\n\t\t\t\t<span class=\"em-icon-calendar em-icon tooltip\"><span class=\"tooltiptext\">Date<\/span><\/span>\r\n\t\t\t\tSunday 26. 04.\u00a0\u00a0\u00a0\u00a0\r\n\t\t\t<\/div>\r\n\t\t\t\r\n\t\t\t\r\n\t\t\t<div class=\"em-item-meta-line em-event-time em-event-meta-datetime\">\r\n\t\t\t\t<span class=\"em-icon-clock em-icon tooltip\"><span class=\"tooltiptext\">Time<\/span><\/span>\r\n\t\t\t\t08:30\r\n\t\t\t<\/div>\r\n\t\t\t\r\n\t\t\t\r\n\t\t\t\r\n\t\t\t<div class=\"em-item-meta-line em-event-location\">\r\n\t\t\t\t<span class=\"em-icon-location em-icon tooltip\"><span class=\"tooltiptext\">Location<\/span><\/span>\r\n\t\t\t\t<a href=\"https:\/\/www.farnostml.cz\/en\/mista\/kostel-svateho-antonina\/\">Saint Anthony\u2019s Church, Mari\u00e1nsk\u00e9 L\u00e1zn\u011b<\/a>\r\n\t\t\t<\/div>\r\n\t\t\t\r\n\t\t\t\r\n\t\t\t\r\n\t\t\t<div class=\"em-item-meta-line em-item-taxonomy em-event-categories\">\r\n\t\t\t\t<span class=\"em-icon-category em-icon tooltip\"><span class=\"tooltiptext\">Categories<\/span><\/span>\r\n\t\t\t\t<div>\t<ul class=\"event-categories\">\r\n\t\t\t\t\t<li><a href=\"https:\/\/www.farnostml.cz\/en\/udalosti\/kategorie\/mse-svata\/\">Holy Mass<\/a><\/li>\r\n\t\t\t<\/ul>\r\n\t<\/div>\r\n\t\t\t<\/div>\r\n\t\t\t\r\n\t\t\t\r\n\t\t\t<div class=\"em-item-meta-line em-item-taxonomy em-event-tags\">\r\n\t\t\t\t<span class=\"em-icon-tag em-icon tooltip\"><span class=\"tooltiptext\">Tags<\/span><\/span>\r\n\t\t\t\t<div><a href=\"https:\/\/www.farnostml.cz\/en\/udalosti\/stitky\/pravidelne\/\">regular<\/a><\/div>\r\n\t\t\t<\/div>\r\n\t\t\t\r\n\t\t\t\r\n\t\t\t<div class=\"em-item-meta-line em-item-taxonomy em-event-tags\">\r\n\t\t\t\t<span class=\"em-icon tooltip\">C<span class=\"tooltiptext\">Celebrated by<\/span><\/span>\r\n\t\t\t\t<div>P. \u0158eho\u0159 Pavel Urban (Father Gregorius)<\/div>\r\n\t\t\t<\/div>\r\n\t\t\t\r\n\t\t<\/div>\r\n\t\t<div class=\"em-item-desc\">\r\n\t\t\t\r\n\t\t<\/div>\r\n\t\t<div class=\"em-item-actions input\">\r\n\t\t\t<a class=\"em-item-read-more button\" href=\"https:\/\/www.farnostml.cz\/en\/udalosti\/mse-svata-146-2025-11-30-2025-12-07-2025-12-14-2025-12-21-2025-12-28-2026-01-04-2026-01-11-2026-01-18-2026-01-25-2026-02-01-2026-02-08-2026-02-15-2026-02-22-2026-03-01-2026-03-08-2026-03-19-2026-04-26\/\">More info<\/a>\r\n\t\t\t\r\n\t\t<\/div>\r\n\t<\/div>\r\n<\/div><div class=\"em-event em-item\" style=\"--default-border:#7fccf2\">\r\n\t<div class=\"em-item-image\">\r\n\t\t\r\n\t<\/div>\r\n\t<div class=\"em-item-info\">\r\n\t\t<div class=\"em-item-title-row\">\r\n\t\t<h4 class=\"em-item-title\"><a href=\"https:\/\/www.farnostml.cz\/en\/udalosti\/mse-svata-146-2025-11-30-2025-12-07-2025-12-14-2025-12-21-2025-12-28-2026-01-04-2026-01-11-2026-01-18-2026-01-25-2026-02-01-2026-02-08-2026-02-15-2026-02-22-2026-03-01-2026-03-08-2026-03-26-2026-05-03\/\">Holy Mass<\/a><\/h4>\r\n\t\t\t\r\n\t\t\t\r\n\t\t<\/div>\r\n\t\t\r\n\t\t<div class=\"em-event-meta em-item-meta\">\r\n\t\t\t<div class=\"em-item-meta-line em-event-date em-event-meta-datetime\">\r\n\t\t\t\t<span class=\"em-icon-calendar em-icon tooltip\"><span class=\"tooltiptext\">Date<\/span><\/span>\r\n\t\t\t\tSunday 03. 05.\u00a0\u00a0\u00a0\u00a0\r\n\t\t\t<\/div>\r\n\t\t\t\r\n\t\t\t\r\n\t\t\t<div class=\"em-item-meta-line em-event-time em-event-meta-datetime\">\r\n\t\t\t\t<span class=\"em-icon-clock em-icon tooltip\"><span class=\"tooltiptext\">Time<\/span><\/span>\r\n\t\t\t\t08:30\r\n\t\t\t<\/div>\r\n\t\t\t\r\n\t\t\t\r\n\t\t\t\r\n\t\t\t<div class=\"em-item-meta-line em-event-location\">\r\n\t\t\t\t<span class=\"em-icon-location em-icon tooltip\"><span class=\"tooltiptext\">Location<\/span><\/span>\r\n\t\t\t\t<a href=\"https:\/\/www.farnostml.cz\/en\/mista\/kostel-svateho-antonina\/\">Saint Anthony\u2019s Church, Mari\u00e1nsk\u00e9 L\u00e1zn\u011b<\/a>\r\n\t\t\t<\/div>\r\n\t\t\t\r\n\t\t\t\r\n\t\t\t\r\n\t\t\t<div class=\"em-item-meta-line em-item-taxonomy em-event-categories\">\r\n\t\t\t\t<span class=\"em-icon-category em-icon tooltip\"><span class=\"tooltiptext\">Categories<\/span><\/span>\r\n\t\t\t\t<div>\t<ul class=\"event-categories\">\r\n\t\t\t\t\t<li><a href=\"https:\/\/www.farnostml.cz\/en\/udalosti\/kategorie\/mse-svata\/\">Holy Mass<\/a><\/li>\r\n\t\t\t<\/ul>\r\n\t<\/div>\r\n\t\t\t<\/div>\r\n\t\t\t\r\n\t\t\t\r\n\t\t\t<div class=\"em-item-meta-line em-item-taxonomy em-event-tags\">\r\n\t\t\t\t<span class=\"em-icon-tag em-icon tooltip\"><span class=\"tooltiptext\">Tags<\/span><\/span>\r\n\t\t\t\t<div><a href=\"https:\/\/www.farnostml.cz\/en\/udalosti\/stitky\/pravidelne\/\">regular<\/a><\/div>\r\n\t\t\t<\/div>\r\n\t\t\t\r\n\t\t\t\r\n\t\t\t<div class=\"em-item-meta-line em-item-taxonomy em-event-tags\">\r\n\t\t\t\t<span class=\"em-icon tooltip\">C<span class=\"tooltiptext\">Celebrated by<\/span><\/span>\r\n\t\t\t\t<div>P. \u0158eho\u0159 Pavel Urban (Father Gregorius)<\/div>\r\n\t\t\t<\/div>\r\n\t\t\t\r\n\t\t<\/div>\r\n\t\t<div class=\"em-item-desc\">\r\n\t\t\t\r\n\t\t<\/div>\r\n\t\t<div class=\"em-item-actions input\">\r\n\t\t\t<a class=\"em-item-read-more button\" href=\"https:\/\/www.farnostml.cz\/en\/udalosti\/mse-svata-146-2025-11-30-2025-12-07-2025-12-14-2025-12-21-2025-12-28-2026-01-04-2026-01-11-2026-01-18-2026-01-25-2026-02-01-2026-02-08-2026-02-15-2026-02-22-2026-03-01-2026-03-08-2026-03-26-2026-05-03\/\">More info<\/a>\r\n\t\t\t\r\n\t\t<\/div>\r\n\t<\/div>\r\n<\/div><div class=\"em-event em-item\" style=\"--default-border:#7fccf2\">\r\n\t<div class=\"em-item-image\">\r\n\t\t\r\n\t<\/div>\r\n\t<div class=\"em-item-info\">\r\n\t\t<div class=\"em-item-title-row\">\r\n\t\t<h4 class=\"em-item-title\"><a href=\"https:\/\/www.farnostml.cz\/en\/udalosti\/mse-svata-146-2025-11-30-2025-12-07-2025-12-14-2025-12-21-2025-12-28-2026-01-04-2026-01-11-2026-01-18-2026-01-25-2026-02-01-2026-02-08-2026-02-15-2026-02-22-2026-03-01-2026-03-08-2026-03-03-2026-05-10\/\">Holy Mass<\/a><\/h4>\r\n\t\t\t\r\n\t\t\t\r\n\t\t<\/div>\r\n\t\t\r\n\t\t<div class=\"em-event-meta em-item-meta\">\r\n\t\t\t<div class=\"em-item-meta-line em-event-date em-event-meta-datetime\">\r\n\t\t\t\t<span class=\"em-icon-calendar em-icon tooltip\"><span class=\"tooltiptext\">Date<\/span><\/span>\r\n\t\t\t\tSunday 10. 05.\u00a0\u00a0\u00a0\u00a0\r\n\t\t\t<\/div>\r\n\t\t\t\r\n\t\t\t\r\n\t\t\t<div class=\"em-item-meta-line em-event-time em-event-meta-datetime\">\r\n\t\t\t\t<span class=\"em-icon-clock em-icon tooltip\"><span class=\"tooltiptext\">Time<\/span><\/span>\r\n\t\t\t\t08:30\r\n\t\t\t<\/div>\r\n\t\t\t\r\n\t\t\t\r\n\t\t\t\r\n\t\t\t<div class=\"em-item-meta-line em-event-location\">\r\n\t\t\t\t<span class=\"em-icon-location em-icon tooltip\"><span class=\"tooltiptext\">Location<\/span><\/span>\r\n\t\t\t\t<a href=\"https:\/\/www.farnostml.cz\/en\/mista\/kostel-svateho-antonina\/\">Saint Anthony\u2019s Church, Mari\u00e1nsk\u00e9 L\u00e1zn\u011b<\/a>\r\n\t\t\t<\/div>\r\n\t\t\t\r\n\t\t\t\r\n\t\t\t\r\n\t\t\t<div class=\"em-item-meta-line em-item-taxonomy em-event-categories\">\r\n\t\t\t\t<span class=\"em-icon-category em-icon tooltip\"><span class=\"tooltiptext\">Categories<\/span><\/span>\r\n\t\t\t\t<div>\t<ul class=\"event-categories\">\r\n\t\t\t\t\t<li><a href=\"https:\/\/www.farnostml.cz\/en\/udalosti\/kategorie\/mse-svata\/\">Holy Mass<\/a><\/li>\r\n\t\t\t<\/ul>\r\n\t<\/div>\r\n\t\t\t<\/div>\r\n\t\t\t\r\n\t\t\t\r\n\t\t\t<div class=\"em-item-meta-line em-item-taxonomy em-event-tags\">\r\n\t\t\t\t<span class=\"em-icon-tag em-icon tooltip\"><span class=\"tooltiptext\">Tags<\/span><\/span>\r\n\t\t\t\t<div><a href=\"https:\/\/www.farnostml.cz\/en\/udalosti\/stitky\/pravidelne\/\">regular<\/a><\/div>\r\n\t\t\t<\/div>\r\n\t\t\t\r\n\t\t\t\r\n\t\t\t<div class=\"em-item-meta-line em-item-taxonomy em-event-tags\">\r\n\t\t\t\t<span class=\"em-icon tooltip\">C<span class=\"tooltiptext\">Celebrated by<\/span><\/span>\r\n\t\t\t\t<div>P. \u0158eho\u0159 Pavel Urban (Father Gregorius)<\/div>\r\n\t\t\t<\/div>\r\n\t\t\t\r\n\t\t<\/div>\r\n\t\t<div class=\"em-item-desc\">\r\n\t\t\t\r\n\t\t<\/div>\r\n\t\t<div class=\"em-item-actions input\">\r\n\t\t\t<a class=\"em-item-read-more button\" href=\"https:\/\/www.farnostml.cz\/en\/udalosti\/mse-svata-146-2025-11-30-2025-12-07-2025-12-14-2025-12-21-2025-12-28-2026-01-04-2026-01-11-2026-01-18-2026-01-25-2026-02-01-2026-02-08-2026-02-15-2026-02-22-2026-03-01-2026-03-08-2026-03-03-2026-05-10\/\">More info<\/a>\r\n\t\t\t\r\n\t\t<\/div>\r\n\t<\/div>\r\n<\/div><div class=\"em-event em-item\" style=\"--default-border:#7fccf2\">\r\n\t<div class=\"em-item-image\">\r\n\t\t\r\n\t<\/div>\r\n\t<div class=\"em-item-info\">\r\n\t\t<div class=\"em-item-title-row\">\r\n\t\t<h4 class=\"em-item-title\"><a href=\"https:\/\/www.farnostml.cz\/en\/udalosti\/mse-svata-146-2025-11-30-2025-12-07-2025-12-14-2025-12-21-2025-12-28-2026-01-04-2026-01-11-2026-01-18-2026-01-25-2026-02-01-2026-02-08-2026-02-15-2026-02-22-2026-03-01-2026-03-08-2026-03-10-2026-05-17\/\">Holy Mass<\/a><\/h4>\r\n\t\t\t\r\n\t\t\t\r\n\t\t<\/div>\r\n\t\t\r\n\t\t<div class=\"em-event-meta em-item-meta\">\r\n\t\t\t<div class=\"em-item-meta-line em-event-date em-event-meta-datetime\">\r\n\t\t\t\t<span class=\"em-icon-calendar em-icon tooltip\"><span class=\"tooltiptext\">Date<\/span><\/span>\r\n\t\t\t\tSunday 17. 05.\u00a0\u00a0\u00a0\u00a0\r\n\t\t\t<\/div>\r\n\t\t\t\r\n\t\t\t\r\n\t\t\t<div class=\"em-item-meta-line em-event-time em-event-meta-datetime\">\r\n\t\t\t\t<span class=\"em-icon-clock em-icon tooltip\"><span class=\"tooltiptext\">Time<\/span><\/span>\r\n\t\t\t\t08:30\r\n\t\t\t<\/div>\r\n\t\t\t\r\n\t\t\t\r\n\t\t\t\r\n\t\t\t<div class=\"em-item-meta-line em-event-location\">\r\n\t\t\t\t<span class=\"em-icon-location em-icon tooltip\"><span class=\"tooltiptext\">Location<\/span><\/span>\r\n\t\t\t\t<a href=\"https:\/\/www.farnostml.cz\/en\/mista\/kostel-svateho-antonina\/\">Saint Anthony\u2019s Church, Mari\u00e1nsk\u00e9 L\u00e1zn\u011b<\/a>\r\n\t\t\t<\/div>\r\n\t\t\t\r\n\t\t\t\r\n\t\t\t\r\n\t\t\t<div class=\"em-item-meta-line em-item-taxonomy em-event-categories\">\r\n\t\t\t\t<span class=\"em-icon-category em-icon tooltip\"><span class=\"tooltiptext\">Categories<\/span><\/span>\r\n\t\t\t\t<div>\t<ul class=\"event-categories\">\r\n\t\t\t\t\t<li><a href=\"https:\/\/www.farnostml.cz\/en\/udalosti\/kategorie\/mse-svata\/\">Holy Mass<\/a><\/li>\r\n\t\t\t<\/ul>\r\n\t<\/div>\r\n\t\t\t<\/div>\r\n\t\t\t\r\n\t\t\t\r\n\t\t\t<div class=\"em-item-meta-line em-item-taxonomy em-event-tags\">\r\n\t\t\t\t<span class=\"em-icon-tag em-icon tooltip\"><span class=\"tooltiptext\">Tags<\/span><\/span>\r\n\t\t\t\t<div><a href=\"https:\/\/www.farnostml.cz\/en\/udalosti\/stitky\/pravidelne\/\">regular<\/a><\/div>\r\n\t\t\t<\/div>\r\n\t\t\t\r\n\t\t\t\r\n\t\t\t<div class=\"em-item-meta-line em-item-taxonomy em-event-tags\">\r\n\t\t\t\t<span class=\"em-icon tooltip\">C<span class=\"tooltiptext\">Celebrated by<\/span><\/span>\r\n\t\t\t\t<div>P. \u0158eho\u0159 Pavel Urban (Father Gregorius)<\/div>\r\n\t\t\t<\/div>\r\n\t\t\t\r\n\t\t<\/div>\r\n\t\t<div class=\"em-item-desc\">\r\n\t\t\t\r\n\t\t<\/div>\r\n\t\t<div class=\"em-item-actions input\">\r\n\t\t\t<a class=\"em-item-read-more button\" href=\"https:\/\/www.farnostml.cz\/en\/udalosti\/mse-svata-146-2025-11-30-2025-12-07-2025-12-14-2025-12-21-2025-12-28-2026-01-04-2026-01-11-2026-01-18-2026-01-25-2026-02-01-2026-02-08-2026-02-15-2026-02-22-2026-03-01-2026-03-08-2026-03-10-2026-05-17\/\">More info<\/a>\r\n\t\t\t\r\n\t\t<\/div>\r\n\t<\/div>\r\n<\/div><div class=\"em-event em-item\" style=\"--default-border:#7fccf2\">\r\n\t<div class=\"em-item-image\">\r\n\t\t\r\n\t<\/div>\r\n\t<div class=\"em-item-info\">\r\n\t\t<div class=\"em-item-title-row\">\r\n\t\t<h4 class=\"em-item-title\"><a href=\"https:\/\/www.farnostml.cz\/en\/udalosti\/mse-svata-146-2025-11-30-2025-12-07-2025-12-14-2025-12-21-2025-12-28-2026-01-04-2026-01-11-2026-01-18-2026-01-25-2026-02-01-2026-02-08-2026-02-15-2026-02-22-2026-03-01-2026-03-08-2026-03-17-2026-05-24\/\">Holy Mass<\/a><\/h4>\r\n\t\t\t\r\n\t\t\t\r\n\t\t<\/div>\r\n\t\t\r\n\t\t<div class=\"em-event-meta em-item-meta\">\r\n\t\t\t<div class=\"em-item-meta-line em-event-date em-event-meta-datetime\">\r\n\t\t\t\t<span class=\"em-icon-calendar em-icon tooltip\"><span class=\"tooltiptext\">Date<\/span><\/span>\r\n\t\t\t\tSunday 24. 05.\u00a0\u00a0\u00a0\u00a0\r\n\t\t\t<\/div>\r\n\t\t\t\r\n\t\t\t\r\n\t\t\t<div class=\"em-item-meta-line em-event-time em-event-meta-datetime\">\r\n\t\t\t\t<span class=\"em-icon-clock em-icon tooltip\"><span class=\"tooltiptext\">Time<\/span><\/span>\r\n\t\t\t\t08:30\r\n\t\t\t<\/div>\r\n\t\t\t\r\n\t\t\t\r\n\t\t\t\r\n\t\t\t<div class=\"em-item-meta-line em-event-location\">\r\n\t\t\t\t<span class=\"em-icon-location em-icon tooltip\"><span class=\"tooltiptext\">Location<\/span><\/span>\r\n\t\t\t\t<a href=\"https:\/\/www.farnostml.cz\/en\/mista\/kostel-svateho-antonina\/\">Saint Anthony\u2019s Church, Mari\u00e1nsk\u00e9 L\u00e1zn\u011b<\/a>\r\n\t\t\t<\/div>\r\n\t\t\t\r\n\t\t\t\r\n\t\t\t\r\n\t\t\t<div class=\"em-item-meta-line em-item-taxonomy em-event-categories\">\r\n\t\t\t\t<span class=\"em-icon-category em-icon tooltip\"><span class=\"tooltiptext\">Categories<\/span><\/span>\r\n\t\t\t\t<div>\t<ul class=\"event-categories\">\r\n\t\t\t\t\t<li><a href=\"https:\/\/www.farnostml.cz\/en\/udalosti\/kategorie\/mse-svata\/\">Holy Mass<\/a><\/li>\r\n\t\t\t<\/ul>\r\n\t<\/div>\r\n\t\t\t<\/div>\r\n\t\t\t\r\n\t\t\t\r\n\t\t\t<div class=\"em-item-meta-line em-item-taxonomy em-event-tags\">\r\n\t\t\t\t<span class=\"em-icon-tag em-icon tooltip\"><span class=\"tooltiptext\">Tags<\/span><\/span>\r\n\t\t\t\t<div><a href=\"https:\/\/www.farnostml.cz\/en\/udalosti\/stitky\/pravidelne\/\">regular<\/a><\/div>\r\n\t\t\t<\/div>\r\n\t\t\t\r\n\t\t\t\r\n\t\t\t<div class=\"em-item-meta-line em-item-taxonomy em-event-tags\">\r\n\t\t\t\t<span class=\"em-icon tooltip\">C<span class=\"tooltiptext\">Celebrated by<\/span><\/span>\r\n\t\t\t\t<div>P. \u0158eho\u0159 Pavel Urban (Father Gregorius)<\/div>\r\n\t\t\t<\/div>\r\n\t\t\t\r\n\t\t<\/div>\r\n\t\t<div class=\"em-item-desc\">\r\n\t\t\t\r\n\t\t<\/div>\r\n\t\t<div class=\"em-item-actions input\">\r\n\t\t\t<a class=\"em-item-read-more button\" href=\"https:\/\/www.farnostml.cz\/en\/udalosti\/mse-svata-146-2025-11-30-2025-12-07-2025-12-14-2025-12-21-2025-12-28-2026-01-04-2026-01-11-2026-01-18-2026-01-25-2026-02-01-2026-02-08-2026-02-15-2026-02-22-2026-03-01-2026-03-08-2026-03-17-2026-05-24\/\">More info<\/a>\r\n\t\t\t\r\n\t\t<\/div>\r\n\t<\/div>\r\n<\/div><div class=\"em-event em-item\" style=\"--default-border:#7fccf2\">\r\n\t<div class=\"em-item-image\">\r\n\t\t\r\n\t<\/div>\r\n\t<div class=\"em-item-info\">\r\n\t\t<div class=\"em-item-title-row\">\r\n\t\t<h4 class=\"em-item-title\"><a href=\"https:\/\/www.farnostml.cz\/en\/udalosti\/mse-svata-146-2025-11-30-2025-12-07-2025-12-14-2025-12-21-2025-12-28-2026-01-04-2026-01-11-2026-01-18-2026-01-25-2026-02-01-2026-02-08-2026-02-15-2026-02-22-2026-03-01-2026-03-08-2026-03-24-2026-05-31\/\">Holy Mass<\/a><\/h4>\r\n\t\t\t\r\n\t\t\t\r\n\t\t<\/div>\r\n\t\t\r\n\t\t<div class=\"em-event-meta em-item-meta\">\r\n\t\t\t<div class=\"em-item-meta-line em-event-date em-event-meta-datetime\">\r\n\t\t\t\t<span class=\"em-icon-calendar em-icon tooltip\"><span class=\"tooltiptext\">Date<\/span><\/span>\r\n\t\t\t\tSunday 31. 05.\u00a0\u00a0\u00a0\u00a0\r\n\t\t\t<\/div>\r\n\t\t\t\r\n\t\t\t\r\n\t\t\t<div class=\"em-item-meta-line em-event-time em-event-meta-datetime\">\r\n\t\t\t\t<span class=\"em-icon-clock em-icon tooltip\"><span class=\"tooltiptext\">Time<\/span><\/span>\r\n\t\t\t\t08:30\r\n\t\t\t<\/div>\r\n\t\t\t\r\n\t\t\t\r\n\t\t\t\r\n\t\t\t<div class=\"em-item-meta-line em-event-location\">\r\n\t\t\t\t<span class=\"em-icon-location em-icon tooltip\"><span class=\"tooltiptext\">Location<\/span><\/span>\r\n\t\t\t\t<a href=\"https:\/\/www.farnostml.cz\/en\/mista\/kostel-svateho-antonina\/\">Saint Anthony\u2019s Church, Mari\u00e1nsk\u00e9 L\u00e1zn\u011b<\/a>\r\n\t\t\t<\/div>\r\n\t\t\t\r\n\t\t\t\r\n\t\t\t\r\n\t\t\t<div class=\"em-item-meta-line em-item-taxonomy em-event-categories\">\r\n\t\t\t\t<span class=\"em-icon-category em-icon tooltip\"><span class=\"tooltiptext\">Categories<\/span><\/span>\r\n\t\t\t\t<div>\t<ul class=\"event-categories\">\r\n\t\t\t\t\t<li><a href=\"https:\/\/www.farnostml.cz\/en\/udalosti\/kategorie\/mse-svata\/\">Holy Mass<\/a><\/li>\r\n\t\t\t<\/ul>\r\n\t<\/div>\r\n\t\t\t<\/div>\r\n\t\t\t\r\n\t\t\t\r\n\t\t\t<div class=\"em-item-meta-line em-item-taxonomy em-event-tags\">\r\n\t\t\t\t<span class=\"em-icon-tag em-icon tooltip\"><span class=\"tooltiptext\">Tags<\/span><\/span>\r\n\t\t\t\t<div><a href=\"https:\/\/www.farnostml.cz\/en\/udalosti\/stitky\/pravidelne\/\">regular<\/a><\/div>\r\n\t\t\t<\/div>\r\n\t\t\t\r\n\t\t\t\r\n\t\t\t<div class=\"em-item-meta-line em-item-taxonomy em-event-tags\">\r\n\t\t\t\t<span class=\"em-icon tooltip\">C<span class=\"tooltiptext\">Celebrated by<\/span><\/span>\r\n\t\t\t\t<div>P. \u0158eho\u0159 Pavel Urban (Father Gregorius)<\/div>\r\n\t\t\t<\/div>\r\n\t\t\t\r\n\t\t<\/div>\r\n\t\t<div class=\"em-item-desc\">\r\n\t\t\t\r\n\t\t<\/div>\r\n\t\t<div class=\"em-item-actions input\">\r\n\t\t\t<a class=\"em-item-read-more button\" href=\"https:\/\/www.farnostml.cz\/en\/udalosti\/mse-svata-146-2025-11-30-2025-12-07-2025-12-14-2025-12-21-2025-12-28-2026-01-04-2026-01-11-2026-01-18-2026-01-25-2026-02-01-2026-02-08-2026-02-15-2026-02-22-2026-03-01-2026-03-08-2026-03-24-2026-05-31\/\">More info<\/a>\r\n\t\t\t\r\n\t\t<\/div>\r\n\t<\/div>\r\n<\/div>\t<\/div>\r\n<\/div>","protected":false},"excerpt":{"rendered":"<p>Pravideln\u00e9 m\u0161e svat\u00e9 N\u00e1sleduj\u00edc\u00ed ud\u00e1losti<\/p>","protected":false},"author":1,"featured_media":0,"parent":57,"menu_order":2,"comment_status":"closed","ping_status":"closed","template":"","meta":{"ngg_post_thumbnail":0,"footnotes":""},"class_list":["entry","page","publish","author-honza","post-97"],"jetpack_sharing_enabled":true,"_links":{"self":[{"href":"https:\/\/www.farnostml.cz\/en\/wp-json\/wp\/v2\/pages\/97","targetHints":{"allow":["GET"]}}],"collection":[{"href":"https:\/\/www.farnostml.cz\/en\/wp-json\/wp\/v2\/pages"}],"about":[{"href":"https:\/\/www.farnostml.cz\/en\/wp-json\/wp\/v2\/types\/page"}],"author":[{"embeddable":true,"href":"https:\/\/www.farnostml.cz\/en\/wp-json\/wp\/v2\/users\/1"}],"replies":[{"embeddable":true,"href":"https:\/\/www.farnostml.cz\/en\/wp-json\/wp\/v2\/comments?post=97"}],"version-history":[{"count":7,"href":"https:\/\/www.farnostml.cz\/en\/wp-json\/wp\/v2\/pages\/97\/revisions"}],"predecessor-version":[{"id":4069,"href":"https:\/\/www.farnostml.cz\/en\/wp-json\/wp\/v2\/pages\/97\/revisions\/4069"}],"up":[{"embeddable":true,"href":"https:\/\/www.farnostml.cz\/en\/wp-json\/wp\/v2\/pages\/57"}],"wp:attachment":[{"href":"https:\/\/www.farnostml.cz\/en\/wp-json\/wp\/v2\/media?parent=97"}],"curies":[{"name":"wp","href":"https:\/\/api.w.org\/{rel}","templated":true}]}}